{"id":5746,"date":"2017-02-08T08:18:26","date_gmt":"2017-02-08T08:18:26","guid":{"rendered":"http:\/\/trophy.mikado-themes.com\/?page_id=5746"},"modified":"2019-04-03T19:23:39","modified_gmt":"2019-04-03T18:23:39","slug":"notre-vision","status":"publish","type":"page","link":"https:\/\/www.jck-keeperacademy.be\/fr\/","title":{"rendered":"Notre vision"},"content":{"rendered":"<p>[vc_row content_width=\u00a0\u00bbgrid\u00a0\u00bb css=\u00a0\u00bb.vc_custom_1486993950089{padding-top: 48px !important;padding-bottom: 80px !important;}\u00a0\u00bb][vc_column][vc_column_text]<\/p>\n<h2>Notre objectif<\/h2>\n<p>[\/vc_column_text]\n<h5 class=\"mkd-custom-font-holder\" style=\"font-family: Titillium web;font-size: 20px;line-height: 31px;font-weight: 400;letter-spacing: 0px;text-align: left;color: #808080\" data-font-size= 20px data-line-height= 31>\n\tJCK Goalkeeper Academy<\/h5>[vc_column_text]La \u00ab JCK Goalkeeper Academy \u00bb vise \u00e0 amener tous les <strong>jeunes gardiens de but<\/strong> \u00e0 un niveau sup\u00e9rieur, \u00e0 leurs propres capacit\u00e9s et \u00e0 leur propre rythme. Nous ferons cela sur base d&rsquo;une formation technique de gardien de but en fonction des situations de match sans perdre de vue l&rsquo;\u00e9l\u00e9ment \u00ab fun \u00bb. Nous essayons \u00e9galement de <strong>d\u00e9velopper et d&rsquo;am\u00e9liorer<\/strong>, autant que possible, les <strong>qualit\u00e9s footballistiques<\/strong> du gardien de but. Notre acad\u00e9mie de jeunes gardiens de but se d\u00e9marque par une collaboration saine avec les clubs o\u00f9 \u00e9voluent les jeunes gardiens. Nous, \u00ab JCK Goalkeeper Academy \u00bb, ne formerons pas \u00e0 l&rsquo;encontre de la vision d&rsquo;un club mais apporterons aux jeunes gardiens de but un perfectionnement \u00e0 sa formation voire jusqu&rsquo;\u00e0 prendre contact avec le club.[\/vc_column_text][vc_empty_space height=\u00a0\u00bb26px\u00a0\u00bb][\/vc_column][\/vc_row][vc_row content_width=\u00a0\u00bbgrid\u00a0\u00bb css=\u00a0\u00bb.vc_custom_1487086660570{padding-top: 47px !important;padding-bottom: 50px !important;background-color: #f4f5f5 !important;}\u00a0\u00bb][vc_column][vc_column_text]<\/p>\n<h2 style=\"text-align: center;\">Les s\u00e9ances d&rsquo;entra\u00eenements JCK<\/h2>\n<p>[\/vc_column_text]<div class=\"mkd-separator-holder clearfix  mkd-separator-center\">\n\t<div class=\"mkd-separator\" style=\"margin-top: 17px;margin-bottom: 13px\"><\/div>\n<\/div>\n\n<h5 class=\"mkd-custom-font-holder\" style=\"font-family: Titillium web;font-size: 20px;line-height: 31px;font-weight: 400;letter-spacing: 0px;text-align: center;color: #808080\" data-font-size= 20px data-line-height= 31>\n\tChaque session se d\u00e9roulera par groupe de maximum 6 gardiens par formateur incluant des exercices vari\u00e9s en forme de carrousel. Nous nous efforcerons de prodiguer des conseils et un accompagnement personnalis\u00e9. Ci-dessous, nous voudrions vous donner un aper\u00e7u des techniques que nous allons proposer pendant les sessions de formation<\/h5><div class=\"mkd-separator-holder clearfix  mkd-separator-center\">\n\t<div class=\"mkd-separator\" style=\"margin-top: 17px;margin-bottom: 13px\"><\/div>\n<\/div>\n[vc_column_text]<\/p>\n<h2 style=\"text-align: center;\">Techniques sp\u00e9cifiques du gardien de but<\/h2>\n<p>[\/vc_column_text]<div class=\"mkd-separator-holder clearfix  mkd-separator-center\">\n\t<div class=\"mkd-separator\" style=\"margin-top: 17px;margin-bottom: 42px\"><\/div>\n<\/div>\n[vc_row_inner][vc_column_inner width=\u00a0\u00bb1\/3&Prime;][vc_single_image image=\u00a0\u00bb10499&Prime; img_size=\u00a0\u00bbmedium\u00a0\u00bb alignment=\u00a0\u00bbcenter\u00a0\u00bb][vc_column_text]<\/p>\n<h5 style=\"text-align: center;\">Technique sans ballon<\/h5>\n<p>[\/vc_column_text][vc_column_text css=\u00a0\u00bb.vc_custom_1553965706986{padding-right: 10px !important;padding-left: 10px !important;}\u00a0\u00bb]<\/p>\n<p style=\"text-align: center;\">Position du corps, placement d\u00e9fensif et offensif, d\u00e9placement vertical et horizontal (jeu de jambes)<\/p>\n<p>[\/vc_column_text][vc_empty_space][\/vc_column_inner][vc_column_inner width=\u00a0\u00bb1\/3&Prime;][vc_single_image image=\u00a0\u00bb10501&Prime; img_size=\u00a0\u00bbmedium\u00a0\u00bb alignment=\u00a0\u00bbcenter\u00a0\u00bb][vc_column_text]<\/p>\n<h5 style=\"text-align: center;\">Technique d\u00e9fensive<\/h5>\n<p>[\/vc_column_text][vc_column_text css=\u00a0\u00bb.vc_custom_1553965728397{padding-right: 10px !important;padding-left: 10px !important;}\u00a0\u00bb]<\/p>\n<p style=\"text-align: center;\">Technique plongeon, sorties (1c1, centre, profondeur, \u2026), d\u00e9gagement (poing, d\u00e9viation, &#8230;)<\/p>\n<p>[\/vc_column_text][vc_empty_space][\/vc_column_inner][vc_column_inner width=\u00a0\u00bb1\/3&Prime;][vc_single_image image=\u00a0\u00bb10505&Prime; img_size=\u00a0\u00bbmedium\u00a0\u00bb alignment=\u00a0\u00bbcenter\u00a0\u00bb][vc_column_text]<\/p>\n<h5 style=\"text-align: center;\">Technique offensive<\/h5>\n<p>[\/vc_column_text][vc_column_text css=\u00a0\u00bb.vc_custom_1553965737068{padding-right: 10px !important;padding-left: 10px !important;}\u00a0\u00bb]<\/p>\n<p style=\"text-align: center;\">Relance (pied, main, &#8230;), technique de frappe au pied, jouer avec en dehors du 16 m\u00e8tres<\/p>\n<p>[\/vc_column_text][vc_empty_space][\/vc_column_inner][\/vc_row_inner][\/vc_column][\/vc_row][vc_row content_width=\u00a0\u00bbgrid\u00a0\u00bb css=\u00a0\u00bb.vc_custom_1487086697637{padding-top: 48px !important;padding-bottom: 83px !important;}\u00a0\u00bb][vc_column][vc_column_text]<\/p>\n<h2 style=\"text-align: center;\">Mental coaching<\/h2>\n<p>[\/vc_column_text]<div class=\"mkd-separator-holder clearfix  mkd-separator-center\">\n\t<div class=\"mkd-separator\" style=\"margin-top: 17px;margin-bottom: 42px\"><\/div>\n<\/div>\n[vc_empty_space height=\u00a0\u00bb12px\u00a0\u00bb]\n<blockquote class=\"mkd-blockquote-shortcode\"  >\n\t<span class=\"mkd-icon-quotations-holder\">\n\t\t<span aria-hidden=\"true\" class=\"mkd-icon-font-elegant icon_quotations \" ><\/span>\t<\/span>\n\t<h5 class=\"mkd-blockquote-text\">\n\t<span>Pour englober la formation, nous voulons porter une attention particuli\u00e8re sur le \u00ab mental coaching \u00bb car c\u2019est un \u00e9l\u00e9ment primordial dans l\u2019am\u00e9lioration des athl\u00e8tes pour une future carri\u00e8re sereine.<\/span>\n\t<\/h5>\n<\/blockquote>\n<h5 class=\"mkd-custom-font-holder\" style=\"font-family: Titillium web;font-size: 20px;line-height: 31px;font-weight: 400;letter-spacing: 0px;text-align: right;color: #808080\" data-font-size= 20px data-line-height= 31>\n\tLa team JCK<\/h5>[\/vc_column][\/vc_row][vc_row css=\u00a0\u00bb.vc_custom_1553966941867{padding-top: 39px !important;padding-bottom: 39px !important;background-image: url(https:\/\/www.jck-keeperacademy.be\/wp-content\/uploads\/2017\/02\/h4-call-to-cation-background.jpg?id=7167) !important;}\u00a0\u00bb][vc_column]<div class=\"mkd-elements-holder mkd-responsive-mode-768\" ><div class=\"mkd-elements-holder-item mkd-width-1-1 mkd-vertical-alignment-middle mkd-horizontal-alignment-left\" data-item-class=\"mkd-elements-holder-custom-377322\" >\n    <div class=\"mkd-elements-holder-item-inner\">\n        <div\n            class=\"mkd-elements-holder-item-content mkd-elements-holder-custom-377322\" >\n            <div class=\"mkd-elements-holder-item-content-inner\">\n                \t<div class=\"mkd-call-to-action normal \">\n\n\t\t\t\t<div class=\"mkd-container-inner\">\n\t\t\t\t\t<div class=\"mkd-call-to-action-row-75-25 clearfix\" style=\"padding: 0;\">\n\t\t\t\t\t\t<div class=\"mkd-text-wrapper mkd-call-to-action-column1 mkd-call-to-action-cell\">\n\t\t\t\t\t\t\t\t\t<div class=\"mkd-call-to-action-text\" >\n<h2>VOUS VOULEZ EN CONNAITRE PLUS SUR NOTRE APPROCHE ?<\/h2>\n<\/div>\n\t\t\t\t<\/div>\n\n\t\t\t\t\t\t\t\t\t<div class=\"mkd-button-wrapper mkd-call-to-action-column2 mkd-call-to-action-cell\" style =\"text-align: right ;\">\n\t\t\t\t\t\t<a itemprop=\"url\" href=\"https:\/\/www.jck-keeperacademy.be\/fr\/nous-contacter\/\" target=\"_self\"  class=\"mkd-btn mkd-btn-medium mkd-btn-solid\"  >    <span class=\"mkd-btn-text\">Nous contacter<\/span>    <\/a>\t\t\t\t\t<\/div>\n\t\t\t\t\t\t\t<\/div>\n\t\t\t\t<\/div>\n\t\t\t<\/div>\n            <\/div>\n        <\/div>\n    <\/div>\n<\/div><\/div>[\/vc_column][\/vc_row]<\/p>\n","protected":false},"excerpt":{"rendered":"<p>[vc_row content_width=\u00a0\u00bbgrid\u00a0\u00bb css=\u00a0\u00bb.vc_custom_1486993950089{padding-top: 48px !important;padding-bottom: 80px !important;}\u00a0\u00bb][vc_column][vc_column_text] Notre objectif [\/vc_column_text][vc_column_text]La \u00ab JCK Goalkeeper Academy \u00bb vise \u00e0 amener tous les jeunes gardiens de but \u00e0 un niveau sup\u00e9rieur, \u00e0 leurs propres capacit\u00e9s et \u00e0 leur propre rythme. Nous ferons cela sur base d&rsquo;une formation technique&#8230;<\/p>\n","protected":false},"author":1,"featured_media":0,"parent":0,"menu_order":0,"comment_status":"closed","ping_status":"closed","template":"full-width.php","meta":[],"yoast_head":"<!-- This site is optimized with the Yoast SEO plugin v18.4.1 - https:\/\/yoast.com\/wordpress\/plugins\/seo\/ -->\n<title>Notre vision - JCK-KeeperAcademy<\/title>\n<meta name=\"robots\" content=\"index, follow, max-snippet:-1, max-image-preview:large, max-video-preview:-1\" \/>\n<link rel=\"canonical\" href=\"https:\/\/www.jck-keeperacademy.be\/fr\/\" \/>\n<meta property=\"og:locale\" content=\"fr_FR\" \/>\n<meta property=\"og:type\" content=\"article\" \/>\n<meta property=\"og:title\" content=\"Notre vision - JCK-KeeperAcademy\" \/>\n<meta property=\"og:description\" content=\"[vc_row content_width=\u00a0\u00bbgrid\u00a0\u00bb css=\u00a0\u00bb.vc_custom_1486993950089{padding-top: 48px !important;padding-bottom: 80px !important;}\u00a0\u00bb][vc_column][vc_column_text] Notre objectif [\/vc_column_text][vc_column_text]La \u00ab JCK Goalkeeper Academy \u00bb vise \u00e0 amener tous les jeunes gardiens de but \u00e0 un niveau sup\u00e9rieur, \u00e0 leurs propres capacit\u00e9s et \u00e0 leur propre rythme. Nous ferons cela sur base d&rsquo;une formation technique...\" \/>\n<meta property=\"og:url\" content=\"https:\/\/www.jck-keeperacademy.be\/fr\/\" \/>\n<meta property=\"og:site_name\" content=\"JCK-KeeperAcademy\" \/>\n<meta property=\"article:modified_time\" content=\"2019-04-03T18:23:39+00:00\" \/>\n<meta name=\"twitter:card\" content=\"summary_large_image\" \/>\n<meta name=\"twitter:label1\" content=\"Dur\u00e9e de lecture estim\u00e9e\" \/>\n\t<meta name=\"twitter:data1\" content=\"4 minutes\" \/>\n<script type=\"application\/ld+json\" class=\"yoast-schema-graph\">{\"@context\":\"https:\/\/schema.org\",\"@graph\":[{\"@type\":\"Organization\",\"@id\":\"https:\/\/www.jck-keeperacademy.be\/#organization\",\"name\":\"jck-keeperacademy\",\"url\":\"https:\/\/www.jck-keeperacademy.be\/\",\"sameAs\":[],\"logo\":{\"@type\":\"ImageObject\",\"@id\":\"https:\/\/www.jck-keeperacademy.be\/#logo\",\"inLanguage\":\"fr-FR\",\"url\":\"https:\/\/www.jck-keeperacademy.be\/wp-content\/uploads\/2019\/03\/WhatsApp-Image-2019-03-18-at-07.33.02.jpeg\",\"contentUrl\":\"https:\/\/www.jck-keeperacademy.be\/wp-content\/uploads\/2019\/03\/WhatsApp-Image-2019-03-18-at-07.33.02.jpeg\",\"width\":1042,\"height\":1347,\"caption\":\"jck-keeperacademy\"},\"image\":{\"@id\":\"https:\/\/www.jck-keeperacademy.be\/#logo\"}},{\"@type\":\"WebSite\",\"@id\":\"https:\/\/www.jck-keeperacademy.be\/#website\",\"url\":\"https:\/\/www.jck-keeperacademy.be\/\",\"name\":\"JCK-KeeperAcademy\",\"description\":\"Just another WordPress site\",\"publisher\":{\"@id\":\"https:\/\/www.jck-keeperacademy.be\/#organization\"},\"potentialAction\":[{\"@type\":\"SearchAction\",\"target\":{\"@type\":\"EntryPoint\",\"urlTemplate\":\"https:\/\/www.jck-keeperacademy.be\/?s={search_term_string}\"},\"query-input\":\"required name=search_term_string\"}],\"inLanguage\":\"fr-FR\"},{\"@type\":\"WebPage\",\"@id\":\"https:\/\/www.jck-keeperacademy.be\/fr\/#webpage\",\"url\":\"https:\/\/www.jck-keeperacademy.be\/fr\/\",\"name\":\"Notre vision - JCK-KeeperAcademy\",\"isPartOf\":{\"@id\":\"https:\/\/www.jck-keeperacademy.be\/#website\"},\"datePublished\":\"2017-02-08T08:18:26+00:00\",\"dateModified\":\"2019-04-03T18:23:39+00:00\",\"breadcrumb\":{\"@id\":\"https:\/\/www.jck-keeperacademy.be\/fr\/#breadcrumb\"},\"inLanguage\":\"fr-FR\",\"potentialAction\":[{\"@type\":\"ReadAction\",\"target\":[\"https:\/\/www.jck-keeperacademy.be\/fr\/\"]}]},{\"@type\":\"BreadcrumbList\",\"@id\":\"https:\/\/www.jck-keeperacademy.be\/fr\/#breadcrumb\",\"itemListElement\":[{\"@type\":\"ListItem\",\"position\":1,\"name\":\"Home\",\"item\":\"https:\/\/www.jck-keeperacademy.be\/fr\/\"},{\"@type\":\"ListItem\",\"position\":2,\"name\":\"Notre vision\"}]}]}<\/script>\n<!-- \/ Yoast SEO plugin. -->","yoast_head_json":{"title":"Notre vision - JCK-KeeperAcademy","robots":{"index":"index","follow":"follow","max-snippet":"max-snippet:-1","max-image-preview":"max-image-preview:large","max-video-preview":"max-video-preview:-1"},"canonical":"https:\/\/www.jck-keeperacademy.be\/fr\/","og_locale":"fr_FR","og_type":"article","og_title":"Notre vision - JCK-KeeperAcademy","og_description":"[vc_row content_width=\u00a0\u00bbgrid\u00a0\u00bb css=\u00a0\u00bb.vc_custom_1486993950089{padding-top: 48px !important;padding-bottom: 80px !important;}\u00a0\u00bb][vc_column][vc_column_text] Notre objectif [\/vc_column_text][vc_column_text]La \u00ab JCK Goalkeeper Academy \u00bb vise \u00e0 amener tous les jeunes gardiens de but \u00e0 un niveau sup\u00e9rieur, \u00e0 leurs propres capacit\u00e9s et \u00e0 leur propre rythme. Nous ferons cela sur base d&rsquo;une formation technique...","og_url":"https:\/\/www.jck-keeperacademy.be\/fr\/","og_site_name":"JCK-KeeperAcademy","article_modified_time":"2019-04-03T18:23:39+00:00","twitter_card":"summary_large_image","twitter_misc":{"Dur\u00e9e de lecture estim\u00e9e":"4 minutes"},"schema":{"@context":"https:\/\/schema.org","@graph":[{"@type":"Organization","@id":"https:\/\/www.jck-keeperacademy.be\/#organization","name":"jck-keeperacademy","url":"https:\/\/www.jck-keeperacademy.be\/","sameAs":[],"logo":{"@type":"ImageObject","@id":"https:\/\/www.jck-keeperacademy.be\/#logo","inLanguage":"fr-FR","url":"https:\/\/www.jck-keeperacademy.be\/wp-content\/uploads\/2019\/03\/WhatsApp-Image-2019-03-18-at-07.33.02.jpeg","contentUrl":"https:\/\/www.jck-keeperacademy.be\/wp-content\/uploads\/2019\/03\/WhatsApp-Image-2019-03-18-at-07.33.02.jpeg","width":1042,"height":1347,"caption":"jck-keeperacademy"},"image":{"@id":"https:\/\/www.jck-keeperacademy.be\/#logo"}},{"@type":"WebSite","@id":"https:\/\/www.jck-keeperacademy.be\/#website","url":"https:\/\/www.jck-keeperacademy.be\/","name":"JCK-KeeperAcademy","description":"Just another WordPress site","publisher":{"@id":"https:\/\/www.jck-keeperacademy.be\/#organization"},"potentialAction":[{"@type":"SearchAction","target":{"@type":"EntryPoint","urlTemplate":"https:\/\/www.jck-keeperacademy.be\/?s={search_term_string}"},"query-input":"required name=search_term_string"}],"inLanguage":"fr-FR"},{"@type":"WebPage","@id":"https:\/\/www.jck-keeperacademy.be\/fr\/#webpage","url":"https:\/\/www.jck-keeperacademy.be\/fr\/","name":"Notre vision - JCK-KeeperAcademy","isPartOf":{"@id":"https:\/\/www.jck-keeperacademy.be\/#website"},"datePublished":"2017-02-08T08:18:26+00:00","dateModified":"2019-04-03T18:23:39+00:00","breadcrumb":{"@id":"https:\/\/www.jck-keeperacademy.be\/fr\/#breadcrumb"},"inLanguage":"fr-FR","potentialAction":[{"@type":"ReadAction","target":["https:\/\/www.jck-keeperacademy.be\/fr\/"]}]},{"@type":"BreadcrumbList","@id":"https:\/\/www.jck-keeperacademy.be\/fr\/#breadcrumb","itemListElement":[{"@type":"ListItem","position":1,"name":"Home","item":"https:\/\/www.jck-keeperacademy.be\/fr\/"},{"@type":"ListItem","position":2,"name":"Notre vision"}]}]}},"_links":{"self":[{"href":"https:\/\/www.jck-keeperacademy.be\/fr\/wp-json\/wp\/v2\/pages\/5746"}],"collection":[{"href":"https:\/\/www.jck-keeperacademy.be\/fr\/wp-json\/wp\/v2\/pages"}],"about":[{"href":"https:\/\/www.jck-keeperacademy.be\/fr\/wp-json\/wp\/v2\/types\/page"}],"author":[{"embeddable":true,"href":"https:\/\/www.jck-keeperacademy.be\/fr\/wp-json\/wp\/v2\/users\/1"}],"replies":[{"embeddable":true,"href":"https:\/\/www.jck-keeperacademy.be\/fr\/wp-json\/wp\/v2\/comments?post=5746"}],"version-history":[{"count":14,"href":"https:\/\/www.jck-keeperacademy.be\/fr\/wp-json\/wp\/v2\/pages\/5746\/revisions"}],"predecessor-version":[{"id":10871,"href":"https:\/\/www.jck-keeperacademy.be\/fr\/wp-json\/wp\/v2\/pages\/5746\/revisions\/10871"}],"wp:attachment":[{"href":"https:\/\/www.jck-keeperacademy.be\/fr\/wp-json\/wp\/v2\/media?parent=5746"}],"curies":[{"name":"wp","href":"https:\/\/api.w.org\/{rel}","templated":true}]}}