{"id":5989,"date":"2017-02-09T08:28:30","date_gmt":"2017-02-09T08:28:30","guid":{"rendered":"http:\/\/trophy.mikado-themes.com\/?page_id=5989"},"modified":"2019-03-31T11:07:00","modified_gmt":"2019-03-31T10:07:00","slug":"nous-contacter","status":"publish","type":"page","link":"https:\/\/www.jck-keeperacademy.be\/fr\/nous-contacter\/","title":{"rendered":"Nous contacter"},"content":{"rendered":"<p>[vc_row][vc_column]<div class=\"mkd-elements-holder mkd-responsive-mode-768\" ><div class=\"mkd-elements-holder-item mkd-width-1-2 mkd-vertical-alignment-middle mkd-horizontal-alignment-center\" data-item-class=\"mkd-elements-holder-custom-405781\" >\n    <div class=\"mkd-elements-holder-item-inner\">\n        <div\n            class=\"mkd-elements-holder-item-content mkd-elements-holder-custom-405781\" >\n            <div class=\"mkd-elements-holder-item-content-inner\">\n                [vc_column_text]<\/p>\n<h3>N&rsquo;h\u00e9siter pas \u00e0 prendre contact avec notre \u00e9quipe<\/h3>\n<p>[\/vc_column_text]<div class=\"mkd-separator-holder clearfix  mkd-separator-center\">\n\t<div class=\"mkd-separator\" style=\"border-style: solid;width: 125px\"><\/div>\n<\/div>\n[vc_column_text]Vous voulez en connaitre plus sur notre approche? Contactez-nous[\/vc_column_text]            <\/div>\n        <\/div>\n    <\/div>\n<\/div><\/div>[\/vc_column][\/vc_row][vc_row content_width=\u00a0\u00bbgrid\u00a0\u00bb content_aligment=\u00a0\u00bbcenter\u00a0\u00bb css=\u00a0\u00bb.vc_custom_1553862694976{padding-top: 67px !important;padding-bottom: 60px !important;}\u00a0\u00bb][vc_column width=\u00a0\u00bb1\/3&Prime;]<div class=\"mkd-elements-holder mkd-responsive-mode-600\" ><div class=\"mkd-elements-holder-item mkd-width-1-1 mkd-vertical-alignment-middle mkd-horizontal-alignment-left\" data-item-class=\"mkd-elements-holder-custom-189342\" >\n    <div class=\"mkd-elements-holder-item-inner\">\n        <div\n            class=\"mkd-elements-holder-item-content mkd-elements-holder-custom-189342\" style=\"padding: 0px 0px 0px 10px\">\n            <div class=\"mkd-elements-holder-item-content-inner\">\n                [vc_column_text]<\/p>\n<h5><strong>Joeri Joly<\/strong><\/h5>\n<p>[\/vc_column_text]<div class=\"mkd-separator-holder clearfix  mkd-separator-left\">\n\t<div class=\"mkd-separator\" style=\"width: 20px\"><\/div>\n<\/div>\n<div class=\"mkd-unordered-list \" >\n\n            <ul>\n                            <li class=\"mkd-list-item\" style=\"margin-bottom:26px\">\n\n                    \n                    <span class=\"icon\"><i class=\"mkd-icon-simple-line-icon icon-earphones \" style=\"font-size:18px\" ><\/i><\/span>\n                    <span class=\"text\" >+32 474 98 23 91<\/span>\n                <\/li>\n                            <li class=\"mkd-list-item\" style=\"margin-bottom:26px\">\n\n                    \n                    <span class=\"icon\"><i class=\"mkd-icon-simple-line-icon icon-envelope-open \" style=\"font-size:18px\" ><\/i><\/span>\n                    <span class=\"text\" >info@jck-keeperacademy.be<\/span>\n                <\/li>\n                    <\/ul>\n    \n<\/div>            <\/div>\n        <\/div>\n    <\/div>\n<\/div><\/div>[\/vc_column][vc_column width=\u00a0\u00bb1\/3&Prime;]<div class=\"mkd-elements-holder mkd-responsive-mode-600\" ><div class=\"mkd-elements-holder-item mkd-width-1-1 mkd-vertical-alignment-middle mkd-horizontal-alignment-left\" data-item-class=\"mkd-elements-holder-custom-194147\" >\n    <div class=\"mkd-elements-holder-item-inner\">\n        <div\n            class=\"mkd-elements-holder-item-content mkd-elements-holder-custom-194147\" style=\"padding: 0px 0px 0px 10px\">\n            <div class=\"mkd-elements-holder-item-content-inner\">\n                [vc_column_text]<\/p>\n<h5>Christophe De Wigne<\/h5>\n<p>[\/vc_column_text]<div class=\"mkd-separator-holder clearfix  mkd-separator-left\">\n\t<div class=\"mkd-separator\" style=\"width: 20px\"><\/div>\n<\/div>\n<div class=\"mkd-unordered-list \" >\n\n            <ul>\n                            <li class=\"mkd-list-item\" style=\"margin-bottom:26px\">\n\n                    \n                    <span class=\"icon\"><i class=\"mkd-icon-simple-line-icon icon-earphones \" style=\"font-size:18px\" ><\/i><\/span>\n                    <span class=\"text\" >+32 476 77 27 97<\/span>\n                <\/li>\n                            <li class=\"mkd-list-item\" style=\"margin-bottom:26px\">\n\n                    \n                    <span class=\"icon\"><i class=\"mkd-icon-simple-line-icon icon-envelope-open \" style=\"font-size:18px\" ><\/i><\/span>\n                    <span class=\"text\" >info@jck-keeperacademy.be<\/span>\n                <\/li>\n                    <\/ul>\n    \n<\/div>            <\/div>\n        <\/div>\n    <\/div>\n<\/div><\/div>[\/vc_column][vc_column width=\u00a0\u00bb1\/3&Prime;]<div class=\"mkd-elements-holder mkd-responsive-mode-600\" ><div class=\"mkd-elements-holder-item mkd-width-1-1 mkd-vertical-alignment-middle mkd-horizontal-alignment-left\" data-item-class=\"mkd-elements-holder-custom-518461\" >\n    <div class=\"mkd-elements-holder-item-inner\">\n        <div\n            class=\"mkd-elements-holder-item-content mkd-elements-holder-custom-518461\" style=\"padding: 0px 0px 0px 10px\">\n            <div class=\"mkd-elements-holder-item-content-inner\">\n                [vc_column_text]<\/p>\n<h5>Kenny Hocquart<\/h5>\n<p>[\/vc_column_text]<div class=\"mkd-separator-holder clearfix  mkd-separator-left\">\n\t<div class=\"mkd-separator\" style=\"width: 20px\"><\/div>\n<\/div>\n<div class=\"mkd-unordered-list \" >\n\n            <ul>\n                            <li class=\"mkd-list-item\" style=\"margin-bottom:26px\">\n\n                    \n                    <span class=\"icon\"><i class=\"mkd-icon-simple-line-icon icon-earphones \" style=\"font-size:18px\" ><\/i><\/span>\n                    <span class=\"text\" >+32 474 74 76 39<\/span>\n                <\/li>\n                            <li class=\"mkd-list-item\" style=\"margin-bottom:26px\">\n\n                    \n                    <span class=\"icon\"><i class=\"mkd-icon-simple-line-icon icon-envelope-open \" style=\"font-size:18px\" ><\/i><\/span>\n                    <span class=\"text\" >info@jck-keeperacademy.be<\/span>\n                <\/li>\n                    <\/ul>\n    \n<\/div>            <\/div>\n        <\/div>\n    <\/div>\n<\/div><\/div>[\/vc_column][\/vc_row][vc_row css=\u00a0\u00bb.vc_custom_1553865966154{padding-top: 35px !important;padding-bottom: 35px !important;background-image: url(http:\/\/trophy.mikado-themes.com\/wp-content\/uploads\/2017\/02\/h1-call-to-action-background.jpg?id=5983) !important;}\u00a0\u00bb][vc_column]<div class=\"mkd-elements-holder mkd-responsive-mode-768\" ><div class=\"mkd-elements-holder-item mkd-width-1-1 mkd-vertical-alignment-middle mkd-horizontal-alignment-center\" data-item-class=\"mkd-elements-holder-custom-125943\" >\n    <div class=\"mkd-elements-holder-item-inner\">\n        <div\n            class=\"mkd-elements-holder-item-content mkd-elements-holder-custom-125943\" >\n            <div class=\"mkd-elements-holder-item-content-inner\">\n                [vc_column_text]<\/p>\n<h2>VOUS PR\u00c9F\u00c9REZ \u00caTRE CONTACT\u00c9 ?<\/h2>\n<p>Nous reprendrons contact avec vous dans les meilleurs d\u00e9lais.[\/vc_column_text]            <\/div>\n        <\/div>\n    <\/div>\n<\/div><\/div>[\/vc_column][\/vc_row][vc_row content_width=\u00a0\u00bbgrid\u00a0\u00bb css=\u00a0\u00bb.vc_custom_1553865972118{padding-top: 25px !important;padding-bottom: 80px !important;background-color: #f0f0ef !important;}\u00a0\u00bb][vc_column width=\u00a0\u00bb1\/6&Prime;][\/vc_column][vc_column width=\u00a0\u00bb2\/3&Prime;][vc_empty_space height=\u00a0\u00bb12px\u00a0\u00bb]<div role=\"form\" class=\"wpcf7\" id=\"wpcf7-f10632-o1\" lang=\"fr-FR\" dir=\"ltr\">\n<div class=\"screen-reader-response\"><p role=\"status\" aria-live=\"polite\" aria-atomic=\"true\"><\/p> <ul><\/ul><\/div>\n<form action=\"\/fr\/wp-json\/wp\/v2\/pages\/5989#wpcf7-f10632-o1\" method=\"post\" class=\"wpcf7-form init cf7_custom_style_2\" novalidate=\"novalidate\" data-status=\"init\">\n<div style=\"display: none;\">\n<input type=\"hidden\" name=\"_wpcf7\" value=\"10632\" \/>\n<input type=\"hidden\" name=\"_wpcf7_version\" value=\"5.5.6\" \/>\n<input type=\"hidden\" name=\"_wpcf7_locale\" value=\"fr_FR\" \/>\n<input type=\"hidden\" name=\"_wpcf7_unit_tag\" value=\"wpcf7-f10632-o1\" \/>\n<input type=\"hidden\" name=\"_wpcf7_container_post\" value=\"0\" \/>\n<input type=\"hidden\" name=\"_wpcf7_posted_data_hash\" value=\"\" \/>\n<\/div>\n<div class=\"mkd-cf7-50-50\">\n<div class=\"mkd-cf7-col-right mobile_raw_right\">\n<label><br \/>\n    <span class=\"wpcf7-form-control-wrap your-name\"><input type=\"text\" name=\"your-name\" value=\"\" size=\"40\" class=\"wpcf7-form-control wpcf7-text wpcf7-validates-as-required\" aria-required=\"true\" aria-invalid=\"false\" placeholder=\"Votre nom\" \/><\/span><\/label><br \/>\n<label><br \/>\n    <span class=\"wpcf7-form-control-wrap your-firstname\"><input type=\"text\" name=\"your-firstname\" value=\"\" size=\"40\" class=\"wpcf7-form-control wpcf7-text wpcf7-validates-as-required\" aria-required=\"true\" aria-invalid=\"false\" placeholder=\"Votre pr\u00e9nom\" \/><\/span> <\/label>\n<\/div>\n<div class=\"mkd-cf7-col-left mobile_raw_left\">\n<label><br \/>\n    <span class=\"wpcf7-form-control-wrap your-email\"><input type=\"email\" name=\"your-email\" value=\"\" size=\"40\" class=\"wpcf7-form-control wpcf7-text wpcf7-email wpcf7-validates-as-required wpcf7-validates-as-email\" aria-required=\"true\" aria-invalid=\"false\" placeholder=\"Votre email\" \/><\/span> <\/label><\/p>\n<\/div>\n<\/div>\n<p><label><br \/>\n    <span class=\"wpcf7-form-control-wrap your-message\"><textarea name=\"your-message\" cols=\"40\" rows=\"10\" class=\"wpcf7-form-control wpcf7-textarea wpcf7-validates-as-required\" aria-required=\"true\" aria-invalid=\"false\" placeholder=\"Votre message\"><\/textarea><\/span> <\/label><\/p>\n<p><span class=\"wpcf7-form-control-wrap\" data-name=\"hcap-cf7\">\t\t<input\n\t\t\t\ttype=\"hidden\"\n\t\t\t\tclass=\"hcaptcha-widget-id\"\n\t\t\t\tname=\"hcaptcha-widget-id\"\n\t\t\t\tvalue=\"eyJzb3VyY2UiOlsiY29udGFjdC1mb3JtLTdcL3dwLWNvbnRhY3QtZm9ybS03LnBocCJdLCJmb3JtX2lkIjoxMDYzMn0=-aab1ef2aaec087f329421b1a9c4a6e8e\">\n\t\t\t\t<span id=\"hcap_cf7-69fdf581740318.15971940\" class=\"wpcf7-form-control h-captcha \"\n\t\t\tdata-sitekey=\"10000000-ffff-ffff-ffff-000000000001\"\n\t\t\tdata-theme=\"dark\"\n\t\t\tdata-size=\"normal\"\n\t\t\tdata-auto=\"false\"\n\t\t\tdata-ajax=\"false\"\n\t\t\tdata-force=\"false\">\n\t\t<\/span>\n\t\t<input type=\"hidden\" id=\"_wpnonce\" name=\"_wpnonce\" value=\"8c8424d3a7\" \/><input type=\"hidden\" name=\"_wp_http_referer\" value=\"\/fr\/wp-json\/wp\/v2\/pages\/5989\" \/><\/span><input type=\"submit\" value=\"Envoyer\" class=\"wpcf7-form-control has-spinner wpcf7-submit\" \/><\/p>\n<p style=\"display: none !important;\"><label>&#916;<textarea name=\"_wpcf7_ak_hp_textarea\" cols=\"45\" rows=\"8\" maxlength=\"100\"><\/textarea><\/label><input type=\"hidden\" id=\"ak_js_1\" name=\"_wpcf7_ak_js\" value=\"169\"\/><script>document.getElementById( \"ak_js_1\" ).setAttribute( \"value\", ( new Date() ).getTime() );<\/script><\/p><div class=\"wpcf7-response-output\" aria-hidden=\"true\"><\/div><\/form><\/div>[\/vc_column][vc_column width=\u00a0\u00bb1\/6&Prime;][\/vc_column][\/vc_row]<\/p>\n","protected":false},"excerpt":{"rendered":"<p>[vc_row][vc_column][\/vc_column][\/vc_row][vc_row content_width=\u00a0\u00bbgrid\u00a0\u00bb content_aligment=\u00a0\u00bbcenter\u00a0\u00bb css=\u00a0\u00bb.vc_custom_1553862694976{padding-top: 67px !important;padding-bottom: 60px !important;}\u00a0\u00bb][vc_column width=\u00a0\u00bb1\/3&Prime;][\/vc_column][vc_column width=\u00a0\u00bb1\/3&Prime;][\/vc_column][vc_column width=\u00a0\u00bb1\/3&Prime;][\/vc_column][\/vc_row][vc_row css=\u00a0\u00bb.vc_custom_1553865966154{padding-top: 35px !important;padding-bottom: 35px !important;background-image: url(http:\/\/trophy.mikado-themes.com\/wp-content\/uploads\/2017\/02\/h1-call-to-action-background.jpg?id=5983) !important;}\u00a0\u00bb][vc_column][\/vc_column][\/vc_row][vc_row content_width=\u00a0\u00bbgrid\u00a0\u00bb css=\u00a0\u00bb.vc_custom_1553865972118{padding-top: 25px !important;padding-bottom: 80px !important;background-color: #f0f0ef !important;}\u00a0\u00bb][vc_column width=\u00a0\u00bb1\/6&Prime;][\/vc_column][vc_column width=\u00a0\u00bb2\/3&Prime;][vc_empty_space height=\u00a0\u00bb12px\u00a0\u00bb][\/vc_column][vc_column width=\u00a0\u00bb1\/6&Prime;][\/vc_column][\/vc_row]<\/p>\n","protected":false},"author":1,"featured_media":0,"parent":0,"menu_order":0,"comment_status":"closed","ping_status":"closed","template":"full-width.php","meta":[],"yoast_head":"<!-- This site is optimized with the Yoast SEO plugin v18.4.1 - https:\/\/yoast.com\/wordpress\/plugins\/seo\/ -->\n<title>Nous contacter - JCK-KeeperAcademy<\/title>\n<meta name=\"robots\" content=\"index, follow, max-snippet:-1, max-image-preview:large, max-video-preview:-1\" \/>\n<link rel=\"canonical\" href=\"https:\/\/www.jck-keeperacademy.be\/fr\/nous-contacter\/\" \/>\n<meta property=\"og:locale\" content=\"fr_FR\" \/>\n<meta property=\"og:type\" content=\"article\" \/>\n<meta property=\"og:title\" content=\"Nous contacter - JCK-KeeperAcademy\" \/>\n<meta property=\"og:description\" content=\"[vc_row][vc_column][\/vc_column][\/vc_row][vc_row content_width=\u00a0\u00bbgrid\u00a0\u00bb content_aligment=\u00a0\u00bbcenter\u00a0\u00bb css=\u00a0\u00bb.vc_custom_1553862694976{padding-top: 67px !important;padding-bottom: 60px !important;}\u00a0\u00bb][vc_column width=\u00a0\u00bb1\/3&Prime;][\/vc_column][vc_column width=\u00a0\u00bb1\/3&Prime;][\/vc_column][vc_column width=\u00a0\u00bb1\/3&Prime;][\/vc_column][\/vc_row][vc_row css=\u00a0\u00bb.vc_custom_1553865966154{padding-top: 35px !important;padding-bottom: 35px !important;background-image: url(http:\/\/trophy.mikado-themes.com\/wp-content\/uploads\/2017\/02\/h1-call-to-action-background.jpg?id=5983) !important;}\u00a0\u00bb][vc_column][\/vc_column][\/vc_row][vc_row content_width=\u00a0\u00bbgrid\u00a0\u00bb css=\u00a0\u00bb.vc_custom_1553865972118{padding-top: 25px !important;padding-bottom: 80px !important;background-color: #f0f0ef !important;}\u00a0\u00bb][vc_column width=\u00a0\u00bb1\/6&Prime;][\/vc_column][vc_column width=\u00a0\u00bb2\/3&Prime;][vc_empty_space height=\u00a0\u00bb12px\u00a0\u00bb][\/vc_column][vc_column width=\u00a0\u00bb1\/6&Prime;][\/vc_column][\/vc_row]\" \/>\n<meta property=\"og:url\" content=\"https:\/\/www.jck-keeperacademy.be\/fr\/nous-contacter\/\" \/>\n<meta property=\"og:site_name\" content=\"JCK-KeeperAcademy\" \/>\n<meta property=\"article:modified_time\" content=\"2019-03-31T10:07:00+00:00\" \/>\n<meta name=\"twitter:card\" content=\"summary_large_image\" \/>\n<meta name=\"twitter:label1\" content=\"Dur\u00e9e de lecture estim\u00e9e\" \/>\n\t<meta name=\"twitter:data1\" content=\"3 minutes\" \/>\n<script type=\"application\/ld+json\" class=\"yoast-schema-graph\">{\"@context\":\"https:\/\/schema.org\",\"@graph\":[{\"@type\":\"Organization\",\"@id\":\"https:\/\/www.jck-keeperacademy.be\/#organization\",\"name\":\"jck-keeperacademy\",\"url\":\"https:\/\/www.jck-keeperacademy.be\/\",\"sameAs\":[],\"logo\":{\"@type\":\"ImageObject\",\"@id\":\"https:\/\/www.jck-keeperacademy.be\/#logo\",\"inLanguage\":\"fr-FR\",\"url\":\"https:\/\/www.jck-keeperacademy.be\/wp-content\/uploads\/2019\/03\/WhatsApp-Image-2019-03-18-at-07.33.02.jpeg\",\"contentUrl\":\"https:\/\/www.jck-keeperacademy.be\/wp-content\/uploads\/2019\/03\/WhatsApp-Image-2019-03-18-at-07.33.02.jpeg\",\"width\":1042,\"height\":1347,\"caption\":\"jck-keeperacademy\"},\"image\":{\"@id\":\"https:\/\/www.jck-keeperacademy.be\/#logo\"}},{\"@type\":\"WebSite\",\"@id\":\"https:\/\/www.jck-keeperacademy.be\/#website\",\"url\":\"https:\/\/www.jck-keeperacademy.be\/\",\"name\":\"JCK-KeeperAcademy\",\"description\":\"Just another WordPress site\",\"publisher\":{\"@id\":\"https:\/\/www.jck-keeperacademy.be\/#organization\"},\"potentialAction\":[{\"@type\":\"SearchAction\",\"target\":{\"@type\":\"EntryPoint\",\"urlTemplate\":\"https:\/\/www.jck-keeperacademy.be\/?s={search_term_string}\"},\"query-input\":\"required name=search_term_string\"}],\"inLanguage\":\"fr-FR\"},{\"@type\":\"WebPage\",\"@id\":\"https:\/\/www.jck-keeperacademy.be\/fr\/nous-contacter\/#webpage\",\"url\":\"https:\/\/www.jck-keeperacademy.be\/fr\/nous-contacter\/\",\"name\":\"Nous contacter - JCK-KeeperAcademy\",\"isPartOf\":{\"@id\":\"https:\/\/www.jck-keeperacademy.be\/#website\"},\"datePublished\":\"2017-02-09T08:28:30+00:00\",\"dateModified\":\"2019-03-31T10:07:00+00:00\",\"breadcrumb\":{\"@id\":\"https:\/\/www.jck-keeperacademy.be\/fr\/nous-contacter\/#breadcrumb\"},\"inLanguage\":\"fr-FR\",\"potentialAction\":[{\"@type\":\"ReadAction\",\"target\":[\"https:\/\/www.jck-keeperacademy.be\/fr\/nous-contacter\/\"]}]},{\"@type\":\"BreadcrumbList\",\"@id\":\"https:\/\/www.jck-keeperacademy.be\/fr\/nous-contacter\/#breadcrumb\",\"itemListElement\":[{\"@type\":\"ListItem\",\"position\":1,\"name\":\"Home\",\"item\":\"https:\/\/www.jck-keeperacademy.be\/fr\/\"},{\"@type\":\"ListItem\",\"position\":2,\"name\":\"Nous contacter\"}]}]}<\/script>\n<!-- \/ Yoast SEO plugin. -->","yoast_head_json":{"title":"Nous contacter - JCK-KeeperAcademy","robots":{"index":"index","follow":"follow","max-snippet":"max-snippet:-1","max-image-preview":"max-image-preview:large","max-video-preview":"max-video-preview:-1"},"canonical":"https:\/\/www.jck-keeperacademy.be\/fr\/nous-contacter\/","og_locale":"fr_FR","og_type":"article","og_title":"Nous contacter - JCK-KeeperAcademy","og_description":"[vc_row][vc_column][\/vc_column][\/vc_row][vc_row content_width=\u00a0\u00bbgrid\u00a0\u00bb content_aligment=\u00a0\u00bbcenter\u00a0\u00bb css=\u00a0\u00bb.vc_custom_1553862694976{padding-top: 67px !important;padding-bottom: 60px !important;}\u00a0\u00bb][vc_column width=\u00a0\u00bb1\/3&Prime;][\/vc_column][vc_column width=\u00a0\u00bb1\/3&Prime;][\/vc_column][vc_column width=\u00a0\u00bb1\/3&Prime;][\/vc_column][\/vc_row][vc_row css=\u00a0\u00bb.vc_custom_1553865966154{padding-top: 35px !important;padding-bottom: 35px !important;background-image: url(http:\/\/trophy.mikado-themes.com\/wp-content\/uploads\/2017\/02\/h1-call-to-action-background.jpg?id=5983) !important;}\u00a0\u00bb][vc_column][\/vc_column][\/vc_row][vc_row content_width=\u00a0\u00bbgrid\u00a0\u00bb css=\u00a0\u00bb.vc_custom_1553865972118{padding-top: 25px !important;padding-bottom: 80px !important;background-color: #f0f0ef !important;}\u00a0\u00bb][vc_column width=\u00a0\u00bb1\/6&Prime;][\/vc_column][vc_column width=\u00a0\u00bb2\/3&Prime;][vc_empty_space height=\u00a0\u00bb12px\u00a0\u00bb][\/vc_column][vc_column width=\u00a0\u00bb1\/6&Prime;][\/vc_column][\/vc_row]","og_url":"https:\/\/www.jck-keeperacademy.be\/fr\/nous-contacter\/","og_site_name":"JCK-KeeperAcademy","article_modified_time":"2019-03-31T10:07:00+00:00","twitter_card":"summary_large_image","twitter_misc":{"Dur\u00e9e de lecture estim\u00e9e":"3 minutes"},"schema":{"@context":"https:\/\/schema.org","@graph":[{"@type":"Organization","@id":"https:\/\/www.jck-keeperacademy.be\/#organization","name":"jck-keeperacademy","url":"https:\/\/www.jck-keeperacademy.be\/","sameAs":[],"logo":{"@type":"ImageObject","@id":"https:\/\/www.jck-keeperacademy.be\/#logo","inLanguage":"fr-FR","url":"https:\/\/www.jck-keeperacademy.be\/wp-content\/uploads\/2019\/03\/WhatsApp-Image-2019-03-18-at-07.33.02.jpeg","contentUrl":"https:\/\/www.jck-keeperacademy.be\/wp-content\/uploads\/2019\/03\/WhatsApp-Image-2019-03-18-at-07.33.02.jpeg","width":1042,"height":1347,"caption":"jck-keeperacademy"},"image":{"@id":"https:\/\/www.jck-keeperacademy.be\/#logo"}},{"@type":"WebSite","@id":"https:\/\/www.jck-keeperacademy.be\/#website","url":"https:\/\/www.jck-keeperacademy.be\/","name":"JCK-KeeperAcademy","description":"Just another WordPress site","publisher":{"@id":"https:\/\/www.jck-keeperacademy.be\/#organization"},"potentialAction":[{"@type":"SearchAction","target":{"@type":"EntryPoint","urlTemplate":"https:\/\/www.jck-keeperacademy.be\/?s={search_term_string}"},"query-input":"required name=search_term_string"}],"inLanguage":"fr-FR"},{"@type":"WebPage","@id":"https:\/\/www.jck-keeperacademy.be\/fr\/nous-contacter\/#webpage","url":"https:\/\/www.jck-keeperacademy.be\/fr\/nous-contacter\/","name":"Nous contacter - JCK-KeeperAcademy","isPartOf":{"@id":"https:\/\/www.jck-keeperacademy.be\/#website"},"datePublished":"2017-02-09T08:28:30+00:00","dateModified":"2019-03-31T10:07:00+00:00","breadcrumb":{"@id":"https:\/\/www.jck-keeperacademy.be\/fr\/nous-contacter\/#breadcrumb"},"inLanguage":"fr-FR","potentialAction":[{"@type":"ReadAction","target":["https:\/\/www.jck-keeperacademy.be\/fr\/nous-contacter\/"]}]},{"@type":"BreadcrumbList","@id":"https:\/\/www.jck-keeperacademy.be\/fr\/nous-contacter\/#breadcrumb","itemListElement":[{"@type":"ListItem","position":1,"name":"Home","item":"https:\/\/www.jck-keeperacademy.be\/fr\/"},{"@type":"ListItem","position":2,"name":"Nous contacter"}]}]}},"_links":{"self":[{"href":"https:\/\/www.jck-keeperacademy.be\/fr\/wp-json\/wp\/v2\/pages\/5989"}],"collection":[{"href":"https:\/\/www.jck-keeperacademy.be\/fr\/wp-json\/wp\/v2\/pages"}],"about":[{"href":"https:\/\/www.jck-keeperacademy.be\/fr\/wp-json\/wp\/v2\/types\/page"}],"author":[{"embeddable":true,"href":"https:\/\/www.jck-keeperacademy.be\/fr\/wp-json\/wp\/v2\/users\/1"}],"replies":[{"embeddable":true,"href":"https:\/\/www.jck-keeperacademy.be\/fr\/wp-json\/wp\/v2\/comments?post=5989"}],"version-history":[{"count":23,"href":"https:\/\/www.jck-keeperacademy.be\/fr\/wp-json\/wp\/v2\/pages\/5989\/revisions"}],"predecessor-version":[{"id":10754,"href":"https:\/\/www.jck-keeperacademy.be\/fr\/wp-json\/wp\/v2\/pages\/5989\/revisions\/10754"}],"wp:attachment":[{"href":"https:\/\/www.jck-keeperacademy.be\/fr\/wp-json\/wp\/v2\/media?parent=5989"}],"curies":[{"name":"wp","href":"https:\/\/api.w.org\/{rel}","templated":true}]}}