{"id":6459,"date":"2017-02-13T08:11:12","date_gmt":"2017-02-13T08:11:12","guid":{"rendered":"http:\/\/trophy.mikado-themes.com\/?page_id=6459"},"modified":"2019-04-03T09:19:44","modified_gmt":"2019-04-03T08:19:44","slug":"nos-sponsors","status":"publish","type":"page","link":"https:\/\/www.jck-keeperacademy.be\/fr\/nos-sponsors\/","title":{"rendered":"Nos sponsors"},"content":{"rendered":"<p>[vc_row content_width=\u00a0\u00bbgrid\u00a0\u00bb css=\u00a0\u00bb.vc_custom_1553857802656{padding-top: 94px !important;padding-bottom: 94px !important;}\u00a0\u00bb][vc_column]<div class=\"mkd-elements-holder mkd-responsive-mode-1024\" ><div class=\"mkd-elements-holder-item mkd-width-1-1 mkd-vertical-alignment-middle mkd-horizontal-alignment-center\" data-item-class=\"mkd-elements-holder-custom-575978\" data-1024-1280=\"11% 15% 11%\" data-768-1024=\"9% 18% 9% 13%\" data-600-768=\"10% 10% 10%\" data-480-600=\"58px 14% 58px\" data-480=\"58px 14% 58px\" >\n    <div class=\"mkd-elements-holder-item-inner\">\n        <div\n            class=\"mkd-elements-holder-item-content mkd-elements-holder-custom-575978\" style=\"background-image: url(https:\/\/www.jck-keeperacademy.be\/wp-content\/uploads\/2017\/02\/sponsores-img-1.jpg);padding: 100px 15% 100px\">\n            <div class=\"mkd-elements-holder-item-content-inner\">\n                [vc_column_text]<\/p>\n<h2>VOULEZ-VOUS FAIRE PARTIE DE NOS SPONSORS ?<\/h2>\n<p>[\/vc_column_text]<div class=\"mkd-separator-holder clearfix  mkd-separator-center mkd-separator-full-width\">\n\t<div class=\"mkd-separator\" style=\"margin-top: 15px;margin-bottom: 15px\"><\/div>\n<\/div>\n[vc_column_text]Aimeriez-vous faire partie de cette aventure et souhaitez-vous soutenir ce projet ?\u00a0 Prenez donc contact avec nous ![\/vc_column_text][vc_empty_space]<a itemprop=\"url\" href=\"#contact-sponsors\" target=\"_self\"  class=\"mkd-btn mkd-btn-medium mkd-btn-outline mkd-btn-custom-hover-bg\" data-hover-bg-color=\"#b5e520\" >\n    <span class=\"mkd-btn-text\">NOUS CONTACTER<\/span>\n    <\/a>            <\/div>\n        <\/div>\n    <\/div>\n<\/div><\/div>[vc_empty_space]<div class=\"mkd-clients-carousel-holder clearfix\"><div class=\"mkd-clients-carousel  mkd-owl-shortcode-slider\" data-items=\"4\" data-autoplay=\"3\" data-pause=\"yes\" data-loop=\"yes\" data-navigation=\"no\" data-pagination=\"no\"><div class=\"mkd-clients-carousel-item-holder\">\n        <a href=\"https:\/\/activfjj.usana.com\" target=\"_blank\">\n                            <span class=\"mkd-clients-carousel-first-image-holder mkd-has-hover-image mkd-image-change\">\n\t\t\t\t<img src=\"https:\/\/www.jck-keeperacademy.be\/wp-content\/uploads\/2019\/03\/sponsor-activ-fjj.jpg\" alt=\"activ fjj\">\n\t\t\t<\/span>\n                            <span class=\"mkd-clients-carousel-second-image-holder mkd-has-hover-image mkd-image-change\">\n\t\t\t\t<img src=\"https:\/\/www.jck-keeperacademy.be\/wp-content\/uploads\/2019\/03\/sponsor-activ-fjj.jpg\" alt=\"activ fjj\">\n\t\t\t<\/span>\n                    <\/a>\n<\/div><div class=\"mkd-clients-carousel-item-holder\">\n        <a href=\"https:\/\/www.facebook.com\/Arbores-372037199616604\/\" target=\"_blank\">\n                            <span class=\"mkd-clients-carousel-first-image-holder mkd-has-hover-image mkd-image-change\">\n\t\t\t\t<img src=\"https:\/\/www.jck-keeperacademy.be\/wp-content\/uploads\/2019\/03\/sponsor-arbores.jpg\" alt=\"arbores\">\n\t\t\t<\/span>\n                            <span class=\"mkd-clients-carousel-second-image-holder mkd-has-hover-image mkd-image-change\">\n\t\t\t\t<img src=\"https:\/\/www.jck-keeperacademy.be\/wp-content\/uploads\/2019\/03\/sponsor-arbores.jpg\" alt=\"arbores\">\n\t\t\t<\/span>\n                    <\/a>\n<\/div><div class=\"mkd-clients-carousel-item-holder\">\n        <a href=\"http:\/\/www.digipolitans.com\/\" target=\"_blank\">\n                            <span class=\"mkd-clients-carousel-first-image-holder mkd-has-hover-image mkd-image-change\">\n\t\t\t\t<img src=\"https:\/\/www.jck-keeperacademy.be\/wp-content\/uploads\/2019\/03\/Untitled.png\" alt=\"digipolitans\">\n\t\t\t<\/span>\n                            <span class=\"mkd-clients-carousel-second-image-holder mkd-has-hover-image mkd-image-change\">\n\t\t\t\t<img src=\"https:\/\/www.jck-keeperacademy.be\/wp-content\/uploads\/2019\/03\/Untitled.png\" alt=\"digipolitans\">\n\t\t\t<\/span>\n                    <\/a>\n<\/div><div class=\"mkd-clients-carousel-item-holder\">\n        <a href=\"https:\/\/groener.be\/\" target=\"_blank\">\n                            <span class=\"mkd-clients-carousel-first-image-holder mkd-has-hover-image mkd-image-change\">\n\t\t\t\t<img src=\"https:\/\/www.jck-keeperacademy.be\/wp-content\/uploads\/2019\/03\/sponsor-groener.png\" alt=\"groener\">\n\t\t\t<\/span>\n                            <span class=\"mkd-clients-carousel-second-image-holder mkd-has-hover-image mkd-image-change\">\n\t\t\t\t<img src=\"https:\/\/www.jck-keeperacademy.be\/wp-content\/uploads\/2019\/03\/sponsor-groener.png\" alt=\"groener\">\n\t\t\t<\/span>\n                    <\/a>\n<\/div><div class=\"mkd-clients-carousel-item-holder\">\n        <a href=\"https:\/\/www.kingslizepizza.be\/leuven\" target=\"_blank\">\n                            <span class=\"mkd-clients-carousel-first-image-holder mkd-has-hover-image mkd-image-change\">\n\t\t\t\t<img src=\"https:\/\/www.jck-keeperacademy.be\/wp-content\/uploads\/2019\/03\/sponsor-kingslize-pizza-leuven.png\" alt=\"kingslize pizza leuven\">\n\t\t\t<\/span>\n                            <span class=\"mkd-clients-carousel-second-image-holder mkd-has-hover-image mkd-image-change\">\n\t\t\t\t<img src=\"https:\/\/www.jck-keeperacademy.be\/wp-content\/uploads\/2019\/03\/sponsor-kingslize-pizza-leuven.png\" alt=\"kingslize pizza leuven\">\n\t\t\t<\/span>\n                    <\/a>\n<\/div><div class=\"mkd-clients-carousel-item-holder\">\n        <a href=\"http:\/\/www.sascomputers.be\/\" target=\"_blank\">\n                            <span class=\"mkd-clients-carousel-first-image-holder mkd-has-hover-image mkd-image-change\">\n\t\t\t\t<img src=\"https:\/\/www.jck-keeperacademy.be\/wp-content\/uploads\/2019\/03\/SAS-Computer.png\" alt=\"sas computers\">\n\t\t\t<\/span>\n                            <span class=\"mkd-clients-carousel-second-image-holder mkd-has-hover-image mkd-image-change\">\n\t\t\t\t<img src=\"https:\/\/www.jck-keeperacademy.be\/wp-content\/uploads\/2019\/03\/SAS-Computer.png\" alt=\"sas computers\">\n\t\t\t<\/span>\n                    <\/a>\n<\/div><div class=\"mkd-clients-carousel-item-holder\">\n        <a href=\"https:\/\/www.avvict.eu\" target=\"_blank\">\n                            <span class=\"mkd-clients-carousel-first-image-holder mkd-has-hover-image mkd-image-change\">\n\t\t\t\t<img src=\"https:\/\/www.jck-keeperacademy.be\/wp-content\/uploads\/2019\/04\/Screenshot-2019-03-29-at-12.59.17.png\" alt=\"AVVICT\">\n\t\t\t<\/span>\n                            <span class=\"mkd-clients-carousel-second-image-holder mkd-has-hover-image mkd-image-change\">\n\t\t\t\t<img src=\"https:\/\/www.jck-keeperacademy.be\/wp-content\/uploads\/2019\/04\/Screenshot-2019-03-29-at-12.59.17.png\" alt=\"AVVICT\">\n\t\t\t<\/span>\n                    <\/a>\n<\/div><div class=\"mkd-clients-carousel-item-holder\">\n        <a href=\"http:\/\/www.kameleon-design.be\/\" target=\"_blank\">\n                            <span class=\"mkd-clients-carousel-first-image-holder mkd-has-hover-image mkd-image-change\">\n\t\t\t\t<img src=\"https:\/\/www.jck-keeperacademy.be\/wp-content\/uploads\/2019\/03\/Screenshot-2019-03-31-at-13.11.07.png\" alt=\"Kameleon\">\n\t\t\t<\/span>\n                            <span class=\"mkd-clients-carousel-second-image-holder mkd-has-hover-image mkd-image-change\">\n\t\t\t\t<img src=\"https:\/\/www.jck-keeperacademy.be\/wp-content\/uploads\/2019\/03\/Screenshot-2019-03-31-at-13.11.07.png\" alt=\"Kameleon\">\n\t\t\t<\/span>\n                    <\/a>\n<\/div><div class=\"mkd-clients-carousel-item-holder\">\n                        <span class=\"mkd-clients-carousel-first-image-holder mkd-has-hover-image mkd-image-change\">\n\t\t\t\t<img src=\"https:\/\/www.jck-keeperacademy.be\/wp-content\/uploads\/2019\/03\/sponsor-michel-joly.jpg\" alt=\"sponsor michel joly\">\n\t\t\t<\/span>\n                            <span class=\"mkd-clients-carousel-second-image-holder mkd-has-hover-image mkd-image-change\">\n\t\t\t\t<img src=\"https:\/\/www.jck-keeperacademy.be\/wp-content\/uploads\/2019\/03\/sponsor-michel-joly.jpg\" alt=\"sponsor michel joly\">\n\t\t\t<\/span>\n                <\/div><div class=\"mkd-clients-carousel-item-holder\">\n        <a href=\"https:\/\/feneko.be\/fr\" target=\"_blank\">\n                            <span class=\"mkd-clients-carousel-first-image-holder mkd-has-hover-image mkd-image-change\">\n\t\t\t\t<img src=\"https:\/\/www.jck-keeperacademy.be\/wp-content\/uploads\/2019\/04\/Feneko.png\" alt=\"Feneko\">\n\t\t\t<\/span>\n                            <span class=\"mkd-clients-carousel-second-image-holder mkd-has-hover-image mkd-image-change\">\n\t\t\t\t<img src=\"https:\/\/www.jck-keeperacademy.be\/wp-content\/uploads\/2019\/04\/Feneko.png\" alt=\"Feneko\">\n\t\t\t<\/span>\n                    <\/a>\n<\/div><div class=\"mkd-clients-carousel-item-holder\">\n        <a href=\"http:\/\/www.weddingplanner-allbyone.be\" target=\"_blank\">\n                            <span class=\"mkd-clients-carousel-first-image-holder mkd-has-hover-image mkd-image-change\">\n\t\t\t\t<img src=\"https:\/\/www.jck-keeperacademy.be\/wp-content\/uploads\/2019\/07\/ABO_WE_logo-copy.png\" alt=\"All-by-one\">\n\t\t\t<\/span>\n                            <span class=\"mkd-clients-carousel-second-image-holder mkd-has-hover-image mkd-image-change\">\n\t\t\t\t<img src=\"https:\/\/www.jck-keeperacademy.be\/wp-content\/uploads\/2019\/07\/ABO_WE_logo-copy.png\" alt=\"All-by-one\">\n\t\t\t<\/span>\n                    <\/a>\n<\/div><\/div><\/div>[\/vc_column][\/vc_row][vc_row content_width=\u00a0\u00bbgrid\u00a0\u00bb anchor=\u00a0\u00bbcontact-sponsors\u00a0\u00bb css=\u00a0\u00bb.vc_custom_1553865216325{padding-top: 20px !important;padding-bottom: 20px !important;background-color: #ffffff !important;}\u00a0\u00bb][vc_column]<div class=\"mkd-iwt clearfix mkd-iwt-left-from-title mkd-iwt-icon-small\">\n    <div class=\"mkd-iwt-content-holder\">\n        <div class=\"mkd-iwt-icon-title-holder\">\n            <div class=\"mkd-iwt-icon-holder\">\n                \n    <span class=\"mkd-icon-shortcode circle mkd-icon-small\"  >\n        \n            <i class=\"mkd-icon-simple-line-icon icon-envelope mkd-icon-element\" style=\"\" ><\/i>\n                <\/span>\n\n                <\/div>\n            <div class=\"mkd-iwt-title-holder\">\n                <h5 >Sponsoriser nos \u00e9v\u00e8nements vous int\u00e9resse ?<\/h5>\n        <\/div>\n    <\/div>\n    <div class=\"mkd-iwt-text-holder\">\n        <p ><\/p>\n\n            <\/div>\n<\/div>\n<\/div>[vc_column_text]Afin de mieux vous connaitre, nous vous demandons de remplir le formulaire ci-dessous. Nous prendrons contact avec vous dans les meilleurs d\u00e9lais.[\/vc_column_text]<div role=\"form\" class=\"wpcf7\" id=\"wpcf7-f10627-o1\" lang=\"fr-FR\" dir=\"ltr\">\n<div class=\"screen-reader-response\"><p role=\"status\" aria-live=\"polite\" aria-atomic=\"true\"><\/p> <ul><\/ul><\/div>\n<form action=\"\/fr\/wp-json\/wp\/v2\/pages\/6459#wpcf7-f10627-o1\" method=\"post\" class=\"wpcf7-form init cf7_custom_style_2\" novalidate=\"novalidate\" data-status=\"init\">\n<div style=\"display: none;\">\n<input type=\"hidden\" name=\"_wpcf7\" value=\"10627\" \/>\n<input type=\"hidden\" name=\"_wpcf7_version\" value=\"5.5.6\" \/>\n<input type=\"hidden\" name=\"_wpcf7_locale\" value=\"fr_FR\" \/>\n<input type=\"hidden\" name=\"_wpcf7_unit_tag\" value=\"wpcf7-f10627-o1\" \/>\n<input type=\"hidden\" name=\"_wpcf7_container_post\" value=\"0\" \/>\n<input type=\"hidden\" name=\"_wpcf7_posted_data_hash\" value=\"\" \/>\n<\/div>\n<div class=\"mkd-cf7-50-50\">\n<div class=\"mkd-cf7-col-right mobile_raw_right\">\n<label><br \/>\n    <span class=\"wpcf7-form-control-wrap your-name\"><input type=\"text\" name=\"your-name\" value=\"\" size=\"40\" class=\"wpcf7-form-control wpcf7-text wpcf7-validates-as-required\" aria-required=\"true\" aria-invalid=\"false\" placeholder=\"Votre nom\" \/><\/span><\/label><br \/>\n<label><br \/>\n    <span class=\"wpcf7-form-control-wrap your-firstname\"><input type=\"text\" name=\"your-firstname\" value=\"\" size=\"40\" class=\"wpcf7-form-control wpcf7-text wpcf7-validates-as-required\" aria-required=\"true\" aria-invalid=\"false\" placeholder=\"Votre pr\u00e9nom\" \/><\/span> <\/label>\n<\/div>\n<div class=\"mkd-cf7-col-left mobile_raw_left\">\n<label><br \/>\n    <span class=\"wpcf7-form-control-wrap your-email\"><input type=\"email\" name=\"your-email\" value=\"\" size=\"40\" class=\"wpcf7-form-control wpcf7-text wpcf7-email wpcf7-validates-as-required wpcf7-validates-as-email\" aria-required=\"true\" aria-invalid=\"false\" placeholder=\"Votre email\" \/><\/span> <\/label><br \/>\n<label><br \/>\n    <span class=\"wpcf7-form-control-wrap your-company\"><input type=\"text\" name=\"your-company\" value=\"\" size=\"40\" class=\"wpcf7-form-control wpcf7-text wpcf7-validates-as-required\" aria-required=\"true\" aria-invalid=\"false\" placeholder=\"Votre soci\u00e9t\u00e9\" \/><\/span> <\/label><\/p>\n<\/div>\n<\/div>\n<p><label><br \/>\n<span class=\"wpcf7-form-control-wrap gsm\"><input type=\"text\" name=\"gsm\" value=\"\" size=\"40\" class=\"wpcf7-form-control wpcf7-text wpcf7-validates-as-required\" aria-required=\"true\" aria-invalid=\"false\" placeholder=\"Votre num\u00e9ro de t\u00e9l\u00e9phone\" \/><\/span><\/label><\/p>\n<p><span class=\"wpcf7-form-control-wrap\" data-name=\"hcap-cf7\">\t\t<input\n\t\t\t\ttype=\"hidden\"\n\t\t\t\tclass=\"hcaptcha-widget-id\"\n\t\t\t\tname=\"hcaptcha-widget-id\"\n\t\t\t\tvalue=\"eyJzb3VyY2UiOlsiY29udGFjdC1mb3JtLTdcL3dwLWNvbnRhY3QtZm9ybS03LnBocCJdLCJmb3JtX2lkIjoxMDYyN30=-91018c9fdaf1e347a392fbe108d3f28b\">\n\t\t\t\t<span id=\"hcap_cf7-69e10f92853557.07916087\" class=\"wpcf7-form-control h-captcha \"\n\t\t\tdata-sitekey=\"10000000-ffff-ffff-ffff-000000000001\"\n\t\t\tdata-theme=\"dark\"\n\t\t\tdata-size=\"normal\"\n\t\t\tdata-auto=\"false\"\n\t\t\tdata-ajax=\"false\"\n\t\t\tdata-force=\"false\">\n\t\t<\/span>\n\t\t<input type=\"hidden\" id=\"_wpnonce\" name=\"_wpnonce\" value=\"4a4bc61ff3\" \/><input type=\"hidden\" name=\"_wp_http_referer\" value=\"\/fr\/wp-json\/wp\/v2\/pages\/6459\" \/><\/span><input type=\"submit\" value=\"Envoyer\" class=\"wpcf7-form-control has-spinner wpcf7-submit\" \/><\/p>\n<p style=\"display: none !important;\"><label>&#916;<textarea name=\"_wpcf7_ak_hp_textarea\" cols=\"45\" rows=\"8\" maxlength=\"100\"><\/textarea><\/label><input type=\"hidden\" id=\"ak_js_1\" name=\"_wpcf7_ak_js\" value=\"243\"\/><script>document.getElementById( \"ak_js_1\" ).setAttribute( \"value\", ( new Date() ).getTime() );<\/script><\/p><div class=\"wpcf7-response-output\" aria-hidden=\"true\"><\/div><\/form><\/div>[\/vc_column][\/vc_row]<\/p>\n","protected":false},"excerpt":{"rendered":"<p>[vc_row content_width=\u00a0\u00bbgrid\u00a0\u00bb css=\u00a0\u00bb.vc_custom_1553857802656{padding-top: 94px !important;padding-bottom: 94px !important;}\u00a0\u00bb][vc_column][vc_empty_space][\/vc_column][\/vc_row][vc_row content_width=\u00a0\u00bbgrid\u00a0\u00bb anchor=\u00a0\u00bbcontact-sponsors\u00a0\u00bb css=\u00a0\u00bb.vc_custom_1553865216325{padding-top: 20px !important;padding-bottom: 20px !important;background-color: #ffffff !important;}\u00a0\u00bb][vc_column][vc_column_text]Afin de mieux vous connaitre, nous vous demandons de remplir le formulaire ci-dessous. Nous prendrons contact avec vous dans les meilleurs d\u00e9lais.[\/vc_column_text][\/vc_column][\/vc_row]<\/p>\n","protected":false},"author":1,"featured_media":0,"parent":0,"menu_order":0,"comment_status":"closed","ping_status":"closed","template":"full-width.php","meta":[],"yoast_head":"<!-- This site is optimized with the Yoast SEO plugin v18.4.1 - https:\/\/yoast.com\/wordpress\/plugins\/seo\/ -->\n<title>Nos sponsors - JCK-KeeperAcademy<\/title>\n<meta name=\"robots\" content=\"index, follow, max-snippet:-1, max-image-preview:large, max-video-preview:-1\" \/>\n<link rel=\"canonical\" href=\"https:\/\/www.jck-keeperacademy.be\/fr\/nos-sponsors\/\" \/>\n<meta property=\"og:locale\" content=\"fr_FR\" \/>\n<meta property=\"og:type\" content=\"article\" \/>\n<meta property=\"og:title\" content=\"Nos sponsors - JCK-KeeperAcademy\" \/>\n<meta property=\"og:description\" content=\"[vc_row content_width=\u00a0\u00bbgrid\u00a0\u00bb css=\u00a0\u00bb.vc_custom_1553857802656{padding-top: 94px !important;padding-bottom: 94px !important;}\u00a0\u00bb][vc_column][vc_empty_space][\/vc_column][\/vc_row][vc_row content_width=\u00a0\u00bbgrid\u00a0\u00bb anchor=\u00a0\u00bbcontact-sponsors\u00a0\u00bb css=\u00a0\u00bb.vc_custom_1553865216325{padding-top: 20px !important;padding-bottom: 20px !important;background-color: #ffffff !important;}\u00a0\u00bb][vc_column][vc_column_text]Afin de mieux vous connaitre, nous vous demandons de remplir le formulaire ci-dessous. Nous prendrons contact avec vous dans les meilleurs d\u00e9lais.[\/vc_column_text][\/vc_column][\/vc_row]\" \/>\n<meta property=\"og:url\" content=\"https:\/\/www.jck-keeperacademy.be\/fr\/nos-sponsors\/\" \/>\n<meta property=\"og:site_name\" content=\"JCK-KeeperAcademy\" \/>\n<meta property=\"article:modified_time\" content=\"2019-04-03T08:19:44+00:00\" \/>\n<meta name=\"twitter:card\" content=\"summary_large_image\" \/>\n<meta name=\"twitter:label1\" content=\"Dur\u00e9e de lecture estim\u00e9e\" \/>\n\t<meta name=\"twitter:data1\" content=\"1 minute\" \/>\n<script type=\"application\/ld+json\" class=\"yoast-schema-graph\">{\"@context\":\"https:\/\/schema.org\",\"@graph\":[{\"@type\":\"Organization\",\"@id\":\"https:\/\/www.jck-keeperacademy.be\/#organization\",\"name\":\"jck-keeperacademy\",\"url\":\"https:\/\/www.jck-keeperacademy.be\/\",\"sameAs\":[],\"logo\":{\"@type\":\"ImageObject\",\"@id\":\"https:\/\/www.jck-keeperacademy.be\/#logo\",\"inLanguage\":\"fr-FR\",\"url\":\"https:\/\/www.jck-keeperacademy.be\/wp-content\/uploads\/2019\/03\/WhatsApp-Image-2019-03-18-at-07.33.02.jpeg\",\"contentUrl\":\"https:\/\/www.jck-keeperacademy.be\/wp-content\/uploads\/2019\/03\/WhatsApp-Image-2019-03-18-at-07.33.02.jpeg\",\"width\":1042,\"height\":1347,\"caption\":\"jck-keeperacademy\"},\"image\":{\"@id\":\"https:\/\/www.jck-keeperacademy.be\/#logo\"}},{\"@type\":\"WebSite\",\"@id\":\"https:\/\/www.jck-keeperacademy.be\/#website\",\"url\":\"https:\/\/www.jck-keeperacademy.be\/\",\"name\":\"JCK-KeeperAcademy\",\"description\":\"Just another WordPress site\",\"publisher\":{\"@id\":\"https:\/\/www.jck-keeperacademy.be\/#organization\"},\"potentialAction\":[{\"@type\":\"SearchAction\",\"target\":{\"@type\":\"EntryPoint\",\"urlTemplate\":\"https:\/\/www.jck-keeperacademy.be\/?s={search_term_string}\"},\"query-input\":\"required name=search_term_string\"}],\"inLanguage\":\"fr-FR\"},{\"@type\":\"WebPage\",\"@id\":\"https:\/\/www.jck-keeperacademy.be\/fr\/nos-sponsors\/#webpage\",\"url\":\"https:\/\/www.jck-keeperacademy.be\/fr\/nos-sponsors\/\",\"name\":\"Nos sponsors - JCK-KeeperAcademy\",\"isPartOf\":{\"@id\":\"https:\/\/www.jck-keeperacademy.be\/#website\"},\"datePublished\":\"2017-02-13T08:11:12+00:00\",\"dateModified\":\"2019-04-03T08:19:44+00:00\",\"breadcrumb\":{\"@id\":\"https:\/\/www.jck-keeperacademy.be\/fr\/nos-sponsors\/#breadcrumb\"},\"inLanguage\":\"fr-FR\",\"potentialAction\":[{\"@type\":\"ReadAction\",\"target\":[\"https:\/\/www.jck-keeperacademy.be\/fr\/nos-sponsors\/\"]}]},{\"@type\":\"BreadcrumbList\",\"@id\":\"https:\/\/www.jck-keeperacademy.be\/fr\/nos-sponsors\/#breadcrumb\",\"itemListElement\":[{\"@type\":\"ListItem\",\"position\":1,\"name\":\"Home\",\"item\":\"https:\/\/www.jck-keeperacademy.be\/fr\/\"},{\"@type\":\"ListItem\",\"position\":2,\"name\":\"Nos sponsors\"}]}]}<\/script>\n<!-- \/ Yoast SEO plugin. -->","yoast_head_json":{"title":"Nos sponsors - JCK-KeeperAcademy","robots":{"index":"index","follow":"follow","max-snippet":"max-snippet:-1","max-image-preview":"max-image-preview:large","max-video-preview":"max-video-preview:-1"},"canonical":"https:\/\/www.jck-keeperacademy.be\/fr\/nos-sponsors\/","og_locale":"fr_FR","og_type":"article","og_title":"Nos sponsors - JCK-KeeperAcademy","og_description":"[vc_row content_width=\u00a0\u00bbgrid\u00a0\u00bb css=\u00a0\u00bb.vc_custom_1553857802656{padding-top: 94px !important;padding-bottom: 94px !important;}\u00a0\u00bb][vc_column][vc_empty_space][\/vc_column][\/vc_row][vc_row content_width=\u00a0\u00bbgrid\u00a0\u00bb anchor=\u00a0\u00bbcontact-sponsors\u00a0\u00bb css=\u00a0\u00bb.vc_custom_1553865216325{padding-top: 20px !important;padding-bottom: 20px !important;background-color: #ffffff !important;}\u00a0\u00bb][vc_column][vc_column_text]Afin de mieux vous connaitre, nous vous demandons de remplir le formulaire ci-dessous. Nous prendrons contact avec vous dans les meilleurs d\u00e9lais.[\/vc_column_text][\/vc_column][\/vc_row]","og_url":"https:\/\/www.jck-keeperacademy.be\/fr\/nos-sponsors\/","og_site_name":"JCK-KeeperAcademy","article_modified_time":"2019-04-03T08:19:44+00:00","twitter_card":"summary_large_image","twitter_misc":{"Dur\u00e9e de lecture estim\u00e9e":"1 minute"},"schema":{"@context":"https:\/\/schema.org","@graph":[{"@type":"Organization","@id":"https:\/\/www.jck-keeperacademy.be\/#organization","name":"jck-keeperacademy","url":"https:\/\/www.jck-keeperacademy.be\/","sameAs":[],"logo":{"@type":"ImageObject","@id":"https:\/\/www.jck-keeperacademy.be\/#logo","inLanguage":"fr-FR","url":"https:\/\/www.jck-keeperacademy.be\/wp-content\/uploads\/2019\/03\/WhatsApp-Image-2019-03-18-at-07.33.02.jpeg","contentUrl":"https:\/\/www.jck-keeperacademy.be\/wp-content\/uploads\/2019\/03\/WhatsApp-Image-2019-03-18-at-07.33.02.jpeg","width":1042,"height":1347,"caption":"jck-keeperacademy"},"image":{"@id":"https:\/\/www.jck-keeperacademy.be\/#logo"}},{"@type":"WebSite","@id":"https:\/\/www.jck-keeperacademy.be\/#website","url":"https:\/\/www.jck-keeperacademy.be\/","name":"JCK-KeeperAcademy","description":"Just another WordPress site","publisher":{"@id":"https:\/\/www.jck-keeperacademy.be\/#organization"},"potentialAction":[{"@type":"SearchAction","target":{"@type":"EntryPoint","urlTemplate":"https:\/\/www.jck-keeperacademy.be\/?s={search_term_string}"},"query-input":"required name=search_term_string"}],"inLanguage":"fr-FR"},{"@type":"WebPage","@id":"https:\/\/www.jck-keeperacademy.be\/fr\/nos-sponsors\/#webpage","url":"https:\/\/www.jck-keeperacademy.be\/fr\/nos-sponsors\/","name":"Nos sponsors - JCK-KeeperAcademy","isPartOf":{"@id":"https:\/\/www.jck-keeperacademy.be\/#website"},"datePublished":"2017-02-13T08:11:12+00:00","dateModified":"2019-04-03T08:19:44+00:00","breadcrumb":{"@id":"https:\/\/www.jck-keeperacademy.be\/fr\/nos-sponsors\/#breadcrumb"},"inLanguage":"fr-FR","potentialAction":[{"@type":"ReadAction","target":["https:\/\/www.jck-keeperacademy.be\/fr\/nos-sponsors\/"]}]},{"@type":"BreadcrumbList","@id":"https:\/\/www.jck-keeperacademy.be\/fr\/nos-sponsors\/#breadcrumb","itemListElement":[{"@type":"ListItem","position":1,"name":"Home","item":"https:\/\/www.jck-keeperacademy.be\/fr\/"},{"@type":"ListItem","position":2,"name":"Nos sponsors"}]}]}},"_links":{"self":[{"href":"https:\/\/www.jck-keeperacademy.be\/fr\/wp-json\/wp\/v2\/pages\/6459"}],"collection":[{"href":"https:\/\/www.jck-keeperacademy.be\/fr\/wp-json\/wp\/v2\/pages"}],"about":[{"href":"https:\/\/www.jck-keeperacademy.be\/fr\/wp-json\/wp\/v2\/types\/page"}],"author":[{"embeddable":true,"href":"https:\/\/www.jck-keeperacademy.be\/fr\/wp-json\/wp\/v2\/users\/1"}],"replies":[{"embeddable":true,"href":"https:\/\/www.jck-keeperacademy.be\/fr\/wp-json\/wp\/v2\/comments?post=6459"}],"version-history":[{"count":12,"href":"https:\/\/www.jck-keeperacademy.be\/fr\/wp-json\/wp\/v2\/pages\/6459\/revisions"}],"predecessor-version":[{"id":10812,"href":"https:\/\/www.jck-keeperacademy.be\/fr\/wp-json\/wp\/v2\/pages\/6459\/revisions\/10812"}],"wp:attachment":[{"href":"https:\/\/www.jck-keeperacademy.be\/fr\/wp-json\/wp\/v2\/media?parent=6459"}],"curies":[{"name":"wp","href":"https:\/\/api.w.org\/{rel}","templated":true}]}}