{"id":6722,"date":"2017-02-13T13:16:02","date_gmt":"2017-02-13T13:16:02","guid":{"rendered":"http:\/\/trophy.mikado-themes.com\/?page_id=6722"},"modified":"2022-03-07T09:57:44","modified_gmt":"2022-03-07T08:57:44","slug":"notre-equipe","status":"publish","type":"page","link":"https:\/\/www.jck-keeperacademy.be\/fr\/notre-equipe\/","title":{"rendered":"Notre \u00e9quipe"},"content":{"rendered":"<p>[vc_row content_width=\u00a0\u00bbgrid\u00a0\u00bb css=\u00a0\u00bb.vc_custom_1487071744653{padding-top: 58px !important;padding-bottom: 58px !important;}\u00a0\u00bb][vc_column]<div class=\"mkd-elements-holder mkd-responsive-mode-1024\" ><div class=\"mkd-elements-holder-item mkd-width-1-1 mkd-vertical-alignment-middle mkd-horizontal-alignment-left\" data-item-class=\"mkd-elements-holder-custom-102939\" data-1280-1440=\"0px 42px 0px 0px\" data-1024-1280=\"0 11px 0px 0px\" data-768-1024=\"0px 2px\" data-600-768=\"0px 3px\" data-480=\"0px 2px\" >\n    <div class=\"mkd-elements-holder-item-inner\">\n        <div\n            class=\"mkd-elements-holder-item-content mkd-elements-holder-custom-102939\" style=\"padding: 0px 36px 0px 4px\">\n            <div class=\"mkd-elements-holder-item-content-inner\">\n                [vc_column_text]<\/p>\n<h3><strong>Kenny Hocquart<\/strong><\/h3>\n<p>[\/vc_column_text][vc_empty_space height=\u00a0\u00bb4px\u00a0\u00bb]\n<div class=\"mkd-custom-font-holder\" style=\"font-family: Titillium web;font-size: 20px;line-height: 30px;font-weight: 500;text-transform: Capitalize;text-align: left;color: #7f7f80\" data-font-size= 20px data-line-height= 30px>\n\tCoach<\/div>[vc_empty_space height=\u00a0\u00bb9px\u00a0\u00bb][vc_column_text]Kenny a pass\u00e9 avec succ\u00e8s les dipl\u00f4mes d&rsquo;<strong>Initiateur C, de Formateur Gardiens Niveau I et Niveau II. <\/strong><\/p>\n<p>Actuellement, il est formateur au sein de la formation des gardiens de but du <strong>SC Eendracht Aalst (label IP)<\/strong> apr\u00e8s de nombreuses ann\u00e9es au sein du KSC Grimbergen (label IP) o\u00f9 il a eu l&rsquo;occasion d&rsquo;acqu\u00e9rir de l&rsquo;exp\u00e9rience dans la formation des jeunes gardiens de but et o\u00f9 il est devenu un membre tr\u00e8s fiable et de grande qualit\u00e9 de la formation des gardiens.<\/p>\n<p>En tant que gardien de but, Kenny a d\u00fb s&rsquo;arr\u00eater \u00e0 l&rsquo;\u00e2ge de 27 ans apr\u00e8s avoir jou\u00e9 dans toutes les s\u00e9ries de jeunes du KSC Grimbergen jusqu&rsquo;aux espoires, puis \u00eatre pass\u00e9 \u00e0 Verbrande Brug.[\/vc_column_text][vc_empty_space]            <\/div>\n        <\/div>\n    <\/div>\n<\/div><div class=\"mkd-elements-holder-item mkd-width-1-1 mkd-vertical-alignment-middle mkd-horizontal-alignment-left\" data-item-class=\"mkd-elements-holder-custom-631129\" data-1024-1280=\"0px 12px 0px 13px\" data-768-1024=\"0px 2px 45px\" data-600-768=\"0px 2px 48px\" data-480=\"0px 3px 32px 3px\" >\n    <div class=\"mkd-elements-holder-item-inner\">\n        <div\n            class=\"mkd-elements-holder-item-content mkd-elements-holder-custom-631129\" style=\"padding: 32px 10px 32px 10px\">\n            <div class=\"mkd-elements-holder-item-content-inner\">\n                [vc_single_image image=\u00a0\u00bb11126&Prime; img_size=\u00a0\u00bbfull\u00a0\u00bb]            <\/div>\n        <\/div>\n    <\/div>\n<\/div><\/div>[\/vc_column][\/vc_row][vc_row content_width=\u00a0\u00bbgrid\u00a0\u00bb css=\u00a0\u00bb.vc_custom_1553851040340{padding-top: 58px !important;padding-bottom: 58px !important;background-color: #f2f2f2 !important;}\u00a0\u00bb][vc_column]<div class=\"mkd-elements-holder mkd-responsive-mode-1024\" ><div class=\"mkd-elements-holder-item mkd-width-1-1 mkd-vertical-alignment-middle mkd-horizontal-alignment-left\" data-item-class=\"mkd-elements-holder-custom-226913\" data-1024-1280=\"0px 12px 0px 13px\" data-768-1024=\"0px 2px 45px\" data-600-768=\"0px 2px 48px\" data-480=\"0px 3px 32px 3px\" >\n    <div class=\"mkd-elements-holder-item-inner\">\n        <div\n            class=\"mkd-elements-holder-item-content mkd-elements-holder-custom-226913\" style=\"padding: 0px 36px 0px 4px\">\n            <div class=\"mkd-elements-holder-item-content-inner\">\n                [vc_single_image image=\u00a0\u00bb11122&Prime; img_size=\u00a0\u00bb486x\u00a0\u00bb]            <\/div>\n        <\/div>\n    <\/div>\n<\/div><div class=\"mkd-elements-holder-item mkd-width-1-1 mkd-vertical-alignment-middle mkd-horizontal-alignment-left\" data-item-class=\"mkd-elements-holder-custom-406240\" data-1280-1440=\"0px 42px 0px 0px\" data-1024-1280=\"0 11px 0px 0px\" data-768-1024=\"0px 2px\" data-600-768=\"0px 3px\" data-480=\"0px 2px\" >\n    <div class=\"mkd-elements-holder-item-inner\">\n        <div\n            class=\"mkd-elements-holder-item-content mkd-elements-holder-custom-406240\" >\n            <div class=\"mkd-elements-holder-item-content-inner\">\n                [vc_column_text]<\/p>\n<h3><strong>Christophe De Wigne<\/strong><\/h3>\n<p>[\/vc_column_text][vc_empty_space height=\u00a0\u00bb4px\u00a0\u00bb]\n<div class=\"mkd-custom-font-holder\" style=\"font-family: Titillium web;font-size: 19px;line-height: 30px;font-weight: 400;text-transform: Capitalize;text-align: left;color: #7f7f80\" data-font-size= 19px data-line-height= 30px>\n\tCoach<\/div>[vc_empty_space height=\u00a0\u00bb9px\u00a0\u00bb][vc_column_text]Christophe a <strong>\u00e9t\u00e9 form\u00e9 \u00e0 l&rsquo;Union Saint-Gilloise<\/strong> et a une grande exp\u00e9rience en tant que gardien de but au niveau de la 2\u00e8me et 3\u00e8me division \u00e0 l&rsquo;\u00e9poque.<\/p>\n<p>Actuellement, il est \u00e9galement actif au <strong>RWDM (label Elite)<\/strong> en tant qu&rsquo;entra\u00eeneur des gardiens de but des jeunes et en tant qu&rsquo;<strong>entra\u00eeneur des gardiens de but de la 1\u00e8re \u00e9quipe de HOWM (3\u00e8me amateur).<\/strong><\/p>\n<p>\u00c0 l&rsquo;\u00e2ge de 39 ans, Christophe a arr\u00eat\u00e9 de jouer au football pour se concentrer sur la formation et l&rsquo;entra\u00eenement des jeunes gardiens de but.<\/p>\n<p>Christophe a pass\u00e9 avec succ\u00e8s les cours <strong>Initiateur C et Formateur Gardiens Niveau I.<\/strong>[\/vc_column_text][vc_empty_space]            <\/div>\n        <\/div>\n    <\/div>\n<\/div><\/div>[\/vc_column][\/vc_row][vc_row content_width=\u00a0\u00bbgrid\u00a0\u00bb css=\u00a0\u00bb.vc_custom_1487071744653{padding-top: 58px !important;padding-bottom: 58px !important;}\u00a0\u00bb][vc_column]<div class=\"mkd-elements-holder mkd-responsive-mode-1024\" ><div class=\"mkd-elements-holder-item mkd-width-1-1 mkd-vertical-alignment-middle mkd-horizontal-alignment-left\" data-item-class=\"mkd-elements-holder-custom-779870\" data-1280-1440=\"0px 42px 0px 0px\" data-1024-1280=\"0 11px 0px 0px\" data-768-1024=\"0px 2px\" data-600-768=\"0px 3px\" data-480=\"0px 2px\" >\n    <div class=\"mkd-elements-holder-item-inner\">\n        <div\n            class=\"mkd-elements-holder-item-content mkd-elements-holder-custom-779870\" style=\"padding: 0px 36px 0px 4px\">\n            <div class=\"mkd-elements-holder-item-content-inner\">\n                [vc_column_text]<\/p>\n<h3><strong>Joeri Joly<\/strong><\/h3>\n<p>[\/vc_column_text][vc_empty_space height=\u00a0\u00bb4px\u00a0\u00bb]\n<div class=\"mkd-custom-font-holder\" style=\"font-family: Titillium web;font-size: 19px;line-height: 30px;font-weight: 400;text-transform: Capitalize;text-align: left;color: #7f7f80\" data-font-size= 19px data-line-height= 30px>\n\tCoach<\/div>[vc_empty_space height=\u00a0\u00bb9px\u00a0\u00bb][vc_column_text]Joeri a d\u00fb arr\u00eater de jouer au football \u00e0 l&rsquo;\u00e2ge de 21 ans en raison de blessures.<\/p>\n<p>Il a d\u00e9j\u00e0 suivi plusieurs cours (<strong>Initiateur C, Formateur Gardiens Niveau I et II, Talentscout et Mental Coach Level I<\/strong>) <strong>et acquis 2 saisons d&rsquo;exp\u00e9rience avec le Sporting Lokeren (formation Elite).<\/strong><\/p>\n<p>Apr\u00e8s avoir \u00e9t\u00e9 active pendant de nombreuses ann\u00e9es au KSC Grimbergen (label IP) en tant que coordinateur de la formation des gardiens et TVJO adjointe, Joeri est maintenant <strong>coordinateur de la formation des gardiens au SC Eendracht Aalst (label IP).<\/strong><\/p>\n<p>Joeri a suivi sa formation au FC Denderleeuw (l&rsquo;actuel FCV Dender EH) et \u00e0 l&rsquo;AFC Tubize o\u00f9 il a acquis de l&rsquo;exp\u00e9rience au niveau de la 1\u00e8re et 2\u00e8me division dans les deux clubs.[\/vc_column_text][vc_empty_space]            <\/div>\n        <\/div>\n    <\/div>\n<\/div><div class=\"mkd-elements-holder-item mkd-width-1-1 mkd-vertical-alignment-top mkd-horizontal-alignment-left\" data-item-class=\"mkd-elements-holder-custom-598621\" data-1024-1280=\"0px 12px 0px 13px\" data-768-1024=\"0px 2px 45px\" data-600-768=\"0px 2px 48px\" data-480=\"0px 3px 32px 3px\" >\n    <div class=\"mkd-elements-holder-item-inner\">\n        <div\n            class=\"mkd-elements-holder-item-content mkd-elements-holder-custom-598621\" style=\"padding: 32px 10px 32px 10px\">\n            <div class=\"mkd-elements-holder-item-content-inner\">\n                [vc_single_image image=\u00a0\u00bb11124&Prime; img_size=\u00a0\u00bb486x\u00a0\u00bb]            <\/div>\n        <\/div>\n    <\/div>\n<\/div><\/div>[\/vc_column][\/vc_row][vc_row content_width=\u00a0\u00bbgrid\u00a0\u00bb content_aligment=\u00a0\u00bbcenter\u00a0\u00bb css=\u00a0\u00bb.vc_custom_1553852426387{padding-bottom: 40px !important;}\u00a0\u00bb][vc_column parallax=\u00a0\u00bbcontent-moving\u00a0\u00bb parallax_image=\u00a0\u00bb9530&Prime; css=\u00a0\u00bb.vc_custom_1554027777268{padding-top: 85px !important;padding-bottom: 85px !important;}\u00a0\u00bb]<div class=\"mkd-iwt clearfix mkd-iwt-icon-top mkd-iwt-icon-medium\">\n    <div class=\"mkd-iwt-icon-holder\">\n                    \n    <span class=\"mkd-icon-shortcode circle mkd-icon-medium\"  >\n        \n            <i class=\"mkd-icon-simple-line-icon icon-envelope mkd-icon-element\" style=\"\" ><\/i>\n                <\/span>\n\n                <\/div>\n    <div class=\"mkd-iwt-content-holder\" >\n        <div class=\"mkd-iwt-title-holder\">\n            <h2 style=\"color: #ffffff\" class=\"mkd-iwt-title\">\n            VOUS D\u00c9SIREZ EN SAVOIR PLUS SUR NOTRE \u00c9QUIPE ?        <\/h2>\n    <\/div>\n    <div class=\"mkd-iwt-text-holder\">\n        <p ><\/p>\n\n            <\/div>\n<\/div>\n<\/div><div class=\"mkd-separator-holder clearfix  mkd-separator-center\">\n\t<div class=\"mkd-separator\" style=\"width: 140px;margin-top: 17px;margin-bottom: 34px\"><\/div>\n<\/div>\n<a itemprop=\"url\" href=\"https:\/\/www.jck-keeperacademy.be\/fr\/nous-contacter\/\" target=\"_self\"  class=\"mkd-btn mkd-btn-large mkd-btn-solid\"  >\n    <span class=\"mkd-btn-text\">NOUS CONTACTER<\/span>\n    <\/a>[\/vc_column][\/vc_row]<\/p>\n","protected":false},"excerpt":{"rendered":"<p>[vc_row content_width=\u00a0\u00bbgrid\u00a0\u00bb css=\u00a0\u00bb.vc_custom_1487071744653{padding-top: 58px !important;padding-bottom: 58px !important;}\u00a0\u00bb][vc_column][\/vc_column][\/vc_row][vc_row content_width=\u00a0\u00bbgrid\u00a0\u00bb css=\u00a0\u00bb.vc_custom_1553851040340{padding-top: 58px !important;padding-bottom: 58px !important;background-color: #f2f2f2 !important;}\u00a0\u00bb][vc_column][\/vc_column][\/vc_row][vc_row content_width=\u00a0\u00bbgrid\u00a0\u00bb css=\u00a0\u00bb.vc_custom_1487071744653{padding-top: 58px !important;padding-bottom: 58px !important;}\u00a0\u00bb][vc_column][\/vc_column][\/vc_row][vc_row content_width=\u00a0\u00bbgrid\u00a0\u00bb content_aligment=\u00a0\u00bbcenter\u00a0\u00bb css=\u00a0\u00bb.vc_custom_1553852426387{padding-bottom: 40px !important;}\u00a0\u00bb][vc_column parallax=\u00a0\u00bbcontent-moving\u00a0\u00bb parallax_image=\u00a0\u00bb9530&Prime; css=\u00a0\u00bb.vc_custom_1554027777268{padding-top: 85px !important;padding-bottom: 85px !important;}\u00a0\u00bb][\/vc_column][\/vc_row]<\/p>\n","protected":false},"author":1,"featured_media":0,"parent":0,"menu_order":0,"comment_status":"closed","ping_status":"closed","template":"full-width.php","meta":[],"yoast_head":"<!-- This site is optimized with the Yoast SEO plugin v18.4.1 - https:\/\/yoast.com\/wordpress\/plugins\/seo\/ -->\n<title>Notre \u00e9quipe - JCK-KeeperAcademy<\/title>\n<meta name=\"robots\" content=\"index, follow, max-snippet:-1, max-image-preview:large, max-video-preview:-1\" \/>\n<link rel=\"canonical\" href=\"https:\/\/www.jck-keeperacademy.be\/fr\/notre-equipe\/\" \/>\n<meta property=\"og:locale\" content=\"fr_FR\" \/>\n<meta property=\"og:type\" content=\"article\" \/>\n<meta property=\"og:title\" content=\"Notre \u00e9quipe - JCK-KeeperAcademy\" \/>\n<meta property=\"og:description\" content=\"[vc_row content_width=\u00a0\u00bbgrid\u00a0\u00bb css=\u00a0\u00bb.vc_custom_1487071744653{padding-top: 58px !important;padding-bottom: 58px !important;}\u00a0\u00bb][vc_column][\/vc_column][\/vc_row][vc_row content_width=\u00a0\u00bbgrid\u00a0\u00bb css=\u00a0\u00bb.vc_custom_1553851040340{padding-top: 58px !important;padding-bottom: 58px !important;background-color: #f2f2f2 !important;}\u00a0\u00bb][vc_column][\/vc_column][\/vc_row][vc_row content_width=\u00a0\u00bbgrid\u00a0\u00bb css=\u00a0\u00bb.vc_custom_1487071744653{padding-top: 58px !important;padding-bottom: 58px !important;}\u00a0\u00bb][vc_column][\/vc_column][\/vc_row][vc_row content_width=\u00a0\u00bbgrid\u00a0\u00bb content_aligment=\u00a0\u00bbcenter\u00a0\u00bb css=\u00a0\u00bb.vc_custom_1553852426387{padding-bottom: 40px !important;}\u00a0\u00bb][vc_column parallax=\u00a0\u00bbcontent-moving\u00a0\u00bb parallax_image=\u00a0\u00bb9530&Prime; css=\u00a0\u00bb.vc_custom_1554027777268{padding-top: 85px !important;padding-bottom: 85px !important;}\u00a0\u00bb][\/vc_column][\/vc_row]\" \/>\n<meta property=\"og:url\" content=\"https:\/\/www.jck-keeperacademy.be\/fr\/notre-equipe\/\" \/>\n<meta property=\"og:site_name\" content=\"JCK-KeeperAcademy\" \/>\n<meta property=\"article:modified_time\" content=\"2022-03-07T08:57:44+00:00\" \/>\n<meta name=\"twitter:card\" content=\"summary_large_image\" \/>\n<meta name=\"twitter:label1\" content=\"Dur\u00e9e de lecture estim\u00e9e\" \/>\n\t<meta name=\"twitter:data1\" content=\"3 minutes\" \/>\n<script type=\"application\/ld+json\" class=\"yoast-schema-graph\">{\"@context\":\"https:\/\/schema.org\",\"@graph\":[{\"@type\":\"Organization\",\"@id\":\"https:\/\/www.jck-keeperacademy.be\/#organization\",\"name\":\"jck-keeperacademy\",\"url\":\"https:\/\/www.jck-keeperacademy.be\/\",\"sameAs\":[],\"logo\":{\"@type\":\"ImageObject\",\"@id\":\"https:\/\/www.jck-keeperacademy.be\/#logo\",\"inLanguage\":\"fr-FR\",\"url\":\"https:\/\/www.jck-keeperacademy.be\/wp-content\/uploads\/2019\/03\/WhatsApp-Image-2019-03-18-at-07.33.02.jpeg\",\"contentUrl\":\"https:\/\/www.jck-keeperacademy.be\/wp-content\/uploads\/2019\/03\/WhatsApp-Image-2019-03-18-at-07.33.02.jpeg\",\"width\":1042,\"height\":1347,\"caption\":\"jck-keeperacademy\"},\"image\":{\"@id\":\"https:\/\/www.jck-keeperacademy.be\/#logo\"}},{\"@type\":\"WebSite\",\"@id\":\"https:\/\/www.jck-keeperacademy.be\/#website\",\"url\":\"https:\/\/www.jck-keeperacademy.be\/\",\"name\":\"JCK-KeeperAcademy\",\"description\":\"Just another WordPress site\",\"publisher\":{\"@id\":\"https:\/\/www.jck-keeperacademy.be\/#organization\"},\"potentialAction\":[{\"@type\":\"SearchAction\",\"target\":{\"@type\":\"EntryPoint\",\"urlTemplate\":\"https:\/\/www.jck-keeperacademy.be\/?s={search_term_string}\"},\"query-input\":\"required name=search_term_string\"}],\"inLanguage\":\"fr-FR\"},{\"@type\":\"WebPage\",\"@id\":\"https:\/\/www.jck-keeperacademy.be\/fr\/notre-equipe\/#webpage\",\"url\":\"https:\/\/www.jck-keeperacademy.be\/fr\/notre-equipe\/\",\"name\":\"Notre \u00e9quipe - JCK-KeeperAcademy\",\"isPartOf\":{\"@id\":\"https:\/\/www.jck-keeperacademy.be\/#website\"},\"datePublished\":\"2017-02-13T13:16:02+00:00\",\"dateModified\":\"2022-03-07T08:57:44+00:00\",\"breadcrumb\":{\"@id\":\"https:\/\/www.jck-keeperacademy.be\/fr\/notre-equipe\/#breadcrumb\"},\"inLanguage\":\"fr-FR\",\"potentialAction\":[{\"@type\":\"ReadAction\",\"target\":[\"https:\/\/www.jck-keeperacademy.be\/fr\/notre-equipe\/\"]}]},{\"@type\":\"BreadcrumbList\",\"@id\":\"https:\/\/www.jck-keeperacademy.be\/fr\/notre-equipe\/#breadcrumb\",\"itemListElement\":[{\"@type\":\"ListItem\",\"position\":1,\"name\":\"Home\",\"item\":\"https:\/\/www.jck-keeperacademy.be\/fr\/\"},{\"@type\":\"ListItem\",\"position\":2,\"name\":\"Notre \u00e9quipe\"}]}]}<\/script>\n<!-- \/ Yoast SEO plugin. -->","yoast_head_json":{"title":"Notre \u00e9quipe - JCK-KeeperAcademy","robots":{"index":"index","follow":"follow","max-snippet":"max-snippet:-1","max-image-preview":"max-image-preview:large","max-video-preview":"max-video-preview:-1"},"canonical":"https:\/\/www.jck-keeperacademy.be\/fr\/notre-equipe\/","og_locale":"fr_FR","og_type":"article","og_title":"Notre \u00e9quipe - JCK-KeeperAcademy","og_description":"[vc_row content_width=\u00a0\u00bbgrid\u00a0\u00bb css=\u00a0\u00bb.vc_custom_1487071744653{padding-top: 58px !important;padding-bottom: 58px !important;}\u00a0\u00bb][vc_column][\/vc_column][\/vc_row][vc_row content_width=\u00a0\u00bbgrid\u00a0\u00bb css=\u00a0\u00bb.vc_custom_1553851040340{padding-top: 58px !important;padding-bottom: 58px !important;background-color: #f2f2f2 !important;}\u00a0\u00bb][vc_column][\/vc_column][\/vc_row][vc_row content_width=\u00a0\u00bbgrid\u00a0\u00bb css=\u00a0\u00bb.vc_custom_1487071744653{padding-top: 58px !important;padding-bottom: 58px !important;}\u00a0\u00bb][vc_column][\/vc_column][\/vc_row][vc_row content_width=\u00a0\u00bbgrid\u00a0\u00bb content_aligment=\u00a0\u00bbcenter\u00a0\u00bb css=\u00a0\u00bb.vc_custom_1553852426387{padding-bottom: 40px !important;}\u00a0\u00bb][vc_column parallax=\u00a0\u00bbcontent-moving\u00a0\u00bb parallax_image=\u00a0\u00bb9530&Prime; css=\u00a0\u00bb.vc_custom_1554027777268{padding-top: 85px !important;padding-bottom: 85px !important;}\u00a0\u00bb][\/vc_column][\/vc_row]","og_url":"https:\/\/www.jck-keeperacademy.be\/fr\/notre-equipe\/","og_site_name":"JCK-KeeperAcademy","article_modified_time":"2022-03-07T08:57:44+00:00","twitter_card":"summary_large_image","twitter_misc":{"Dur\u00e9e de lecture estim\u00e9e":"3 minutes"},"schema":{"@context":"https:\/\/schema.org","@graph":[{"@type":"Organization","@id":"https:\/\/www.jck-keeperacademy.be\/#organization","name":"jck-keeperacademy","url":"https:\/\/www.jck-keeperacademy.be\/","sameAs":[],"logo":{"@type":"ImageObject","@id":"https:\/\/www.jck-keeperacademy.be\/#logo","inLanguage":"fr-FR","url":"https:\/\/www.jck-keeperacademy.be\/wp-content\/uploads\/2019\/03\/WhatsApp-Image-2019-03-18-at-07.33.02.jpeg","contentUrl":"https:\/\/www.jck-keeperacademy.be\/wp-content\/uploads\/2019\/03\/WhatsApp-Image-2019-03-18-at-07.33.02.jpeg","width":1042,"height":1347,"caption":"jck-keeperacademy"},"image":{"@id":"https:\/\/www.jck-keeperacademy.be\/#logo"}},{"@type":"WebSite","@id":"https:\/\/www.jck-keeperacademy.be\/#website","url":"https:\/\/www.jck-keeperacademy.be\/","name":"JCK-KeeperAcademy","description":"Just another WordPress site","publisher":{"@id":"https:\/\/www.jck-keeperacademy.be\/#organization"},"potentialAction":[{"@type":"SearchAction","target":{"@type":"EntryPoint","urlTemplate":"https:\/\/www.jck-keeperacademy.be\/?s={search_term_string}"},"query-input":"required name=search_term_string"}],"inLanguage":"fr-FR"},{"@type":"WebPage","@id":"https:\/\/www.jck-keeperacademy.be\/fr\/notre-equipe\/#webpage","url":"https:\/\/www.jck-keeperacademy.be\/fr\/notre-equipe\/","name":"Notre \u00e9quipe - JCK-KeeperAcademy","isPartOf":{"@id":"https:\/\/www.jck-keeperacademy.be\/#website"},"datePublished":"2017-02-13T13:16:02+00:00","dateModified":"2022-03-07T08:57:44+00:00","breadcrumb":{"@id":"https:\/\/www.jck-keeperacademy.be\/fr\/notre-equipe\/#breadcrumb"},"inLanguage":"fr-FR","potentialAction":[{"@type":"ReadAction","target":["https:\/\/www.jck-keeperacademy.be\/fr\/notre-equipe\/"]}]},{"@type":"BreadcrumbList","@id":"https:\/\/www.jck-keeperacademy.be\/fr\/notre-equipe\/#breadcrumb","itemListElement":[{"@type":"ListItem","position":1,"name":"Home","item":"https:\/\/www.jck-keeperacademy.be\/fr\/"},{"@type":"ListItem","position":2,"name":"Notre \u00e9quipe"}]}]}},"_links":{"self":[{"href":"https:\/\/www.jck-keeperacademy.be\/fr\/wp-json\/wp\/v2\/pages\/6722"}],"collection":[{"href":"https:\/\/www.jck-keeperacademy.be\/fr\/wp-json\/wp\/v2\/pages"}],"about":[{"href":"https:\/\/www.jck-keeperacademy.be\/fr\/wp-json\/wp\/v2\/types\/page"}],"author":[{"embeddable":true,"href":"https:\/\/www.jck-keeperacademy.be\/fr\/wp-json\/wp\/v2\/users\/1"}],"replies":[{"embeddable":true,"href":"https:\/\/www.jck-keeperacademy.be\/fr\/wp-json\/wp\/v2\/comments?post=6722"}],"version-history":[{"count":21,"href":"https:\/\/www.jck-keeperacademy.be\/fr\/wp-json\/wp\/v2\/pages\/6722\/revisions"}],"predecessor-version":[{"id":13131,"href":"https:\/\/www.jck-keeperacademy.be\/fr\/wp-json\/wp\/v2\/pages\/6722\/revisions\/13131"}],"wp:attachment":[{"href":"https:\/\/www.jck-keeperacademy.be\/fr\/wp-json\/wp\/v2\/media?parent=6722"}],"curies":[{"name":"wp","href":"https:\/\/api.w.org\/{rel}","templated":true}]}}